{"id":4189,"date":"2026-01-05T16:36:00","date_gmt":"2026-01-05T09:36:00","guid":{"rendered":"https:\/\/news-dot-ikara4m.appspot.com\/?page_id=4189"},"modified":"2026-01-05T16:36:00","modified_gmt":"2026-01-05T09:36:00","slug":"yokara","status":"publish","type":"page","link":"https:\/\/www.yokara.com\/news\/yokara\/","title":{"rendered":"Yokara \u2013 \u1ee8ng d\u1ee5ng karaoke, h\u00e1t thu \u00e2m &#038; gi\u1ea3i tr\u00ed h\u00e0ng \u0111\u1ea7u"},"content":{"rendered":"<p style=\"text-align: justify;\"><span style=\"font-weight: 400;\">Trong k\u1ef7 nguy\u00ean s\u1ed1, nhu c\u1ea7u h\u00e1t karaoke tr\u1ef1c tuy\u1ebfn v\u00e0 chia s\u1ebb \u00e2m nh\u1ea1c ng\u00e0y c\u00e0ng gia t\u0103ng. Yokara ra \u0111\u1eddi nh\u01b0 m\u1ed9t n\u1ec1n t\u1ea3ng to\u00e0n di\u1ec7n, gi\u00fap ng\u01b0\u1eddi d\u00f9ng h\u00e1t karaoke, thu \u00e2m, k\u1ebft n\u1ed1i c\u1ed9ng \u0111\u1ed3ng v\u00e0 gi\u1ea3i tr\u00ed m\u1ecdi l\u00fac. B\u00e0i vi\u1ebft n\u00e0y cung c\u1ea5p g\u00f3c nh\u00ecn \u0111\u1ea7y \u0111\u1ee7 v\u1ec1 Yokara, t\u1eeb n\u1ec1n t\u1ea3ng ho\u1ea1t \u0111\u1ed9ng, t\u00ednh n\u0103ng \u0111\u1ebfn c\u00e1ch t\u1ea3i v\u00e0 s\u1eed d\u1ee5ng hi\u1ec7u qu\u1ea3.<\/span><\/p>\n<h2 style=\"text-align: justify;\"><b>1. Gi\u1edbi thi\u1ec7u v\u1ec1 \u1ee9ng d\u1ee5ng karaoke Yokara<\/b><\/h2>\n<p style=\"text-align: justify;\"><span style=\"font-weight: 400;\">Yokara l\u00e0 \u1ee9ng d\u1ee5ng karaoke tr\u1ef1c tuy\u1ebfn \u0111\u01b0\u1ee3c ph\u00e1t tri\u1ec3n nh\u1eb1m mang \u0111\u1ebfn tr\u1ea3i nghi\u1ec7m h\u00e1t karaoke hi\u1ec7n \u0111\u1ea1i, linh ho\u1ea1t v\u00e0 c\u00e1 nh\u00e2n h\u00f3a. Ng\u01b0\u1eddi d\u00f9ng c\u00f3 th\u1ec3 l\u1ef1a ch\u1ecdn h\u00e0ng tri\u1ec7u b\u1ea3n nh\u1ea1c, h\u00e1t tr\u1ef1c ti\u1ebfp ho\u1eb7c thu \u00e2m v\u00e0 chia s\u1ebb v\u1edbi c\u1ed9ng \u0111\u1ed3ng y\u00eau \u00e2m nh\u1ea1c. Yokara h\u01b0\u1edbng \u0111\u1ebfn vi\u1ec7c t\u1ea1o ra m\u1ed9t kh\u00f4ng gian gi\u1ea3i tr\u00ed an to\u00e0n, d\u1ec5 s\u1eed d\u1ee5ng v\u00e0 ph\u00f9 h\u1ee3p v\u1edbi nhi\u1ec1u thi\u1ebft b\u1ecb.<\/span><\/p>\n<p style=\"text-align: justify;\"><span style=\"font-weight: 400;\">\u1ee8ng d\u1ee5ng Yokara kh\u00f4ng ch\u1ec9 \u0111\u00e1p \u1ee9ng nhu c\u1ea7u h\u00e1t karaoke c\u01a1 b\u1ea3n m\u00e0 c\u00f2n m\u1edf r\u1ed9ng sang k\u1ebft n\u1ed1i x\u00e3 h\u1ed9i, n\u01a1i ng\u01b0\u1eddi d\u00f9ng c\u00f3 th\u1ec3 giao l\u01b0u, \u0111\u00e1nh gi\u00e1 v\u00e0 t\u01b0\u01a1ng t\u00e1c th\u00f4ng qua \u00e2m nh\u1ea1c. \u0110\u00e2y l\u00e0 \u0111i\u1ec3m kh\u00e1c bi\u1ec7t gi\u00fap Yokara x\u00e2y d\u1ef1ng c\u1ed9ng \u0111\u1ed3ng b\u1ec1n v\u1eefng.<\/span><\/p>\n<h2 style=\"text-align: justify;\"><b>2. Phi\u00ean b\u1ea3n v\u00e0 n\u1ec1n t\u1ea3ng Yokara<\/b><\/h2>\n<p style=\"text-align: justify;\"><span style=\"font-weight: 400;\">Yokara \u0111\u01b0\u1ee3c ph\u00e1t tri\u1ec3n \u0111a n\u1ec1n t\u1ea3ng nh\u1eb1m \u0111\u1ea3m b\u1ea3o kh\u1ea3 n\u0103ng ti\u1ebfp c\u1eadn r\u1ed9ng r\u00e3i, ph\u00f9 h\u1ee3p v\u1edbi nhi\u1ec1u th\u00f3i quen s\u1eed d\u1ee5ng thi\u1ebft b\u1ecb kh\u00e1c nhau.<\/span><\/p>\n<div id=\"attachment_4179\" style=\"width: 810px\" class=\"wp-caption aligncenter\"><img loading=\"lazy\" decoding=\"async\" aria-describedby=\"caption-attachment-4179\" class=\"size-full wp-image-4179\" src=\"https:\/\/storage.googleapis.com\/ikara4m.appspot.com\/1\/2026\/01\/huong-dan-cach-tai-yokara-1.png\" alt=\"N\u1ec1n t\u1ea3ng karaoke tr\u1ef1c tuy\u1ebfn Yokara h\u1ed7 tr\u1ee3 tr\u00ean nhi\u1ec1u thi\u1ebft b\u1ecb\" width=\"800\" height=\"520\" srcset=\"https:\/\/storage.googleapis.com\/ikara4m.appspot.com\/1\/2026\/01\/huong-dan-cach-tai-yokara-1.png 800w, https:\/\/storage.googleapis.com\/ikara4m.appspot.com\/1\/2026\/01\/huong-dan-cach-tai-yokara-1-300x195.png 300w, https:\/\/storage.googleapis.com\/ikara4m.appspot.com\/1\/2026\/01\/huong-dan-cach-tai-yokara-1-768x499.png 768w\" sizes=\"auto, (max-width: 800px) 100vw, 800px\" \/><p id=\"caption-attachment-4179\" class=\"wp-caption-text\">N\u1ec1n t\u1ea3ng karaoke tr\u1ef1c tuy\u1ebfn Yokara h\u1ed7 tr\u1ee3 tr\u00ean nhi\u1ec1u thi\u1ebft b\u1ecb<\/p><\/div>\n<h3 style=\"text-align: justify;\"><b>2.1. Yokara tr\u00ean \u0111i\u1ec7n tho\u1ea1i<\/b><\/h3>\n<p style=\"text-align: justify;\"><span style=\"font-weight: 400;\">Yokara h\u1ed7 tr\u1ee3 thi\u1ebft b\u1ecb di \u0111\u1ed9ng ph\u1ed5 bi\u1ebfn, cho ph\u00e9p ng\u01b0\u1eddi d\u00f9ng t\u1ea3i Yokara tr\u00ean iPhone v\u00e0 Android. Phi\u00ean b\u1ea3n di \u0111\u1ed9ng \u0111\u01b0\u1ee3c t\u1ed1i \u01b0u giao di\u1ec7n, thao t\u00e1c m\u01b0\u1ee3t v\u00e0 ph\u00f9 h\u1ee3p v\u1edbi tr\u1ea3i nghi\u1ec7m h\u00e1t karaoke m\u1ecdi l\u00fac. Ng\u01b0\u1eddi d\u00f9ng c\u00f3 th\u1ec3 t\u00ecm ki\u1ebfm b\u00e0i h\u00e1t, h\u00e1t karaoke thu \u00e2m v\u00e0 chia s\u1ebb ch\u1ec9 trong v\u00e0i b\u01b0\u1edbc.<\/span><\/p>\n<h3 style=\"text-align: justify;\"><b>2.2. Yokara tr\u00ean m\u00e1y t\u00ednh \u2013 PC v\u00e0 online<\/b><\/h3>\n<p style=\"text-align: justify;\"><span style=\"font-weight: 400;\">Yokara tr\u00ean m\u00e1y t\u00ednh mang \u0111\u1ebfn tr\u1ea3i nghi\u1ec7m \u1ed5n \u0111\u1ecbnh h\u01a1n khi h\u00e1t karaoke online. Phi\u00ean b\u1ea3n Yokara PC v\u00e0 Yokara karaoke online ph\u00f9 h\u1ee3p cho nhu c\u1ea7u gi\u1ea3i tr\u00ed t\u1ea1i nh\u00e0, h\u1ecdc h\u00e1t ho\u1eb7c luy\u1ec7n gi\u1ecdng. Vi\u1ec7c s\u1eed d\u1ee5ng Yokara tr\u00ean m\u00e1y t\u00ednh gi\u00fap ng\u01b0\u1eddi d\u00f9ng d\u1ec5 d\u00e0ng qu\u1ea3n l\u00fd th\u01b0 vi\u1ec7n b\u00e0i h\u00e1t v\u00e0 b\u1ea3n thu \u00e2m.<\/span><\/p>\n<h3 style=\"text-align: justify;\"><b>2.3. Yokara.tv v\u00e0 t\u00edch h\u1ee3p YouTube<\/b><\/h3>\n<p style=\"text-align: justify;\"><span style=\"font-weight: 400;\">Yokara.tv cho ph\u00e9p k\u1ebft n\u1ed1i v\u00e0 tr\u00ecnh chi\u1ebfu karaoke tr\u00ean m\u00e0n h\u00ecnh l\u1edbn. B\u00ean c\u1ea1nh \u0111\u00f3, Yokara karaoke for YouTube h\u1ed7 tr\u1ee3 khai th\u00e1c ngu\u1ed3n nh\u1ea1c phong ph\u00fa, mang \u0111\u1ebfn tr\u1ea3i nghi\u1ec7m h\u00e1t karaoke linh ho\u1ea1t v\u00e0 quen thu\u1ed9c.<\/span><\/p>\n<h2 style=\"text-align: justify;\"><b>4. T\u00ednh n\u0103ng n\u1ed5i b\u1eadt c\u1ee7a Yokara<\/b><\/h2>\n<p style=\"text-align: justify;\"><span style=\"font-weight: 400;\">Yokara kh\u00f4ng ch\u1ec9 l\u00e0 m\u1ed9t \u1ee9ng d\u1ee5ng h\u00e1t karaoke th\u00f4ng th\u01b0\u1eddng. \u0110\u00e2y l\u00e0 n\u1ec1n t\u1ea3ng gi\u1ea3i tr\u00ed t\u00edch h\u1ee3p \u0111\u1ea7y \u0111\u1ee7 c\u00e1c c\u00f4ng ngh\u1ec7, t\u00ednh n\u0103ng gi\u00fap ng\u01b0\u1eddi d\u00f9ng tr\u1ea3i nghi\u1ec7m \u00e2m nh\u1ea1c m\u1ed9t c\u00e1ch hi\u1ec7n \u0111\u1ea1i, linh ho\u1ea1t v\u00e0 d\u1ec5 chia s\u1ebb.\u00a0<\/span><\/p>\n<div id=\"attachment_4190\" style=\"width: 810px\" class=\"wp-caption aligncenter\"><img loading=\"lazy\" decoding=\"async\" aria-describedby=\"caption-attachment-4190\" class=\"size-full wp-image-4190\" src=\"https:\/\/storage.googleapis.com\/ikara4m.appspot.com\/1\/2026\/01\/tinh-nang-noi-bac-cua-yokara-1-1.png\" alt=\"Yokara cho ph\u00e9p ng\u01b0\u1eddi d\u00f9ng live room t\u01b0\u01a1ng t\u00e1c tr\u1ef1c ti\u1ebfp v\u1edbi c\u1ed9ng \u0111\u1ed3ng\" width=\"800\" height=\"520\" srcset=\"https:\/\/storage.googleapis.com\/ikara4m.appspot.com\/1\/2026\/01\/tinh-nang-noi-bac-cua-yokara-1-1.png 800w, https:\/\/storage.googleapis.com\/ikara4m.appspot.com\/1\/2026\/01\/tinh-nang-noi-bac-cua-yokara-1-1-300x195.png 300w, https:\/\/storage.googleapis.com\/ikara4m.appspot.com\/1\/2026\/01\/tinh-nang-noi-bac-cua-yokara-1-1-768x499.png 768w\" sizes=\"auto, (max-width: 800px) 100vw, 800px\" \/><p id=\"caption-attachment-4190\" class=\"wp-caption-text\">Yokara cho ph\u00e9p ng\u01b0\u1eddi d\u00f9ng live room t\u01b0\u01a1ng t\u00e1c tr\u1ef1c ti\u1ebfp v\u1edbi c\u1ed9ng \u0111\u1ed3ng<\/p><\/div>\n<h3 style=\"text-align: justify;\"><b>4.1. H\u00e1t karaoke online<\/b><\/h3>\n<p style=\"text-align: justify;\"><span style=\"font-weight: 400;\">H\u1ec7 th\u1ed1ng h\u00e1t karaoke online c\u1ee7a Yokara cho ph\u00e9p ng\u01b0\u1eddi d\u00f9ng truy c\u1eadp kho nh\u1ea1c phong ph\u00fa m\u00e0 kh\u00f4ng c\u1ea7n t\u1ea3i b\u00e0i h\u00e1t v\u1ec1 thi\u1ebft b\u1ecb. \u0110\u00e2y l\u00e0 t\u00ednh n\u0103ng c\u01a1 b\u1ea3n nh\u01b0ng \u0111\u1eb7c s\u1eafc c\u1ee7a n\u1ec1n t\u1ea3ng:<\/span><\/p>\n<ul style=\"text-align: justify;\">\n<li style=\"font-weight: 400;\" aria-level=\"1\"><span style=\"font-weight: 400;\">Kho b\u00e0i h\u00e1t \u0111a d\u1ea1ng g\u1ed3m nhi\u1ec1u th\u1ec3 lo\u1ea1i, nhi\u1ec1u ng\u00f4n ng\u1eef, c\u1eadp nh\u1eadt \u0111\u1ecbnh k\u1ef3.<\/span><\/li>\n<li style=\"font-weight: 400;\" aria-level=\"1\"><span style=\"font-weight: 400;\">T\u00ecm ki\u1ebfm nhanh theo t\u00ean ca kh\u00fac, ca s\u0129, th\u1ec3 lo\u1ea1i ho\u1eb7c giai \u0111i\u1ec7u \u0111\u1ec3 ch\u1ecdn b\u00e0i d\u1ec5 d\u00e0ng.<\/span><\/li>\n<li style=\"font-weight: 400;\" aria-level=\"1\"><span style=\"font-weight: 400;\">Hi\u1ec3n th\u1ecb l\u1eddi b\u00e0i h\u00e1t \u0111\u1ed3ng b\u1ed9 v\u1edbi nh\u1ea1c gi\u00fap vi\u1ec7c h\u00e1t karaoke kh\u00f4ng r\u1ed1i.<\/span><\/li>\n<li style=\"font-weight: 400;\" aria-level=\"1\"><span style=\"font-weight: 400;\">Ch\u1ea5t l\u01b0\u1ee3ng \u00e2m thanh \u0111\u01b0\u1ee3c t\u1ed1i \u01b0u cho tr\u1ea3i nghi\u1ec7m h\u00e1t online, t\u01b0\u01a1ng th\u00edch v\u1edbi loa ngo\u00e0i, tai nghe v\u00e0 micro.<\/span><\/li>\n<\/ul>\n<p style=\"text-align: justify;\"><span style=\"font-weight: 400;\">\u0110i\u1ec1u n\u00e0y gi\u00fap ng\u01b0\u1eddi d\u00f9ng kh\u00f4ng ch\u1ec9 gi\u1ea3i tr\u00ed m\u00e0 c\u00f2n luy\u1ec7n gi\u1ecdng, th\u1ec3 hi\u1ec7n k\u1ef9 n\u0103ng \u00e2m nh\u1ea1c trong m\u1ecdi t\u00ecnh hu\u1ed1ng.<\/span><\/p>\n<h3 style=\"text-align: justify;\"><b>4.2. Thu \u00e2m v\u00e0 chia s\u1ebb<\/b><\/h3>\n<p style=\"text-align: justify;\"><span style=\"font-weight: 400;\">Yokara n\u1ed5i b\u1eadt v\u1edbi t\u00ednh n\u0103ng thu \u00e2m t\u00edch h\u1ee3p ngay trong \u1ee9ng d\u1ee5ng. Ng\u01b0\u1eddi d\u00f9ng kh\u00f4ng c\u1ea7n ph\u1ea7n m\u1ec1m ngo\u00e0i \u0111\u1ec3 thu b\u1ea3n ghi karaoke:<\/span><\/p>\n<ul style=\"text-align: justify;\">\n<li style=\"font-weight: 400;\" aria-level=\"1\"><span style=\"font-weight: 400;\">Khi h\u00e1t, h\u1ec7 th\u1ed1ng t\u1ef1 \u0111\u1ed9ng ghi l\u1ea1i gi\u1ecdng h\u00e1t v\u1edbi ch\u1ea5t l\u01b0\u1ee3ng cao.<\/span><\/li>\n<li style=\"font-weight: 400;\" aria-level=\"1\"><span style=\"font-weight: 400;\">C\u00e0i \u0111\u1eb7t micro v\u00e0 hi\u1ec7u \u1ee9ng \u00e2m thanh ngay trong giao di\u1ec7n thu \u00e2m \u0111\u1ec3 b\u1ea3n thu s\u1ed1ng \u0111\u1ed9ng h\u01a1n.<\/span><\/li>\n<li style=\"font-weight: 400;\" aria-level=\"1\"><span style=\"font-weight: 400;\">Xu\u1ea5t b\u1ea3n thu v\u00e0 chia s\u1ebb l\u00ean c\u00e1c m\u1ea1ng x\u00e3 h\u1ed9i t\u00edch h\u1ee3p.<\/span><\/li>\n<li style=\"font-weight: 400;\" aria-level=\"1\"><span style=\"font-weight: 400;\">L\u01b0u tr\u1eef b\u1ea3n thu trong h\u1ed3 s\u01a1 c\u00e1 nh\u00e2n, d\u1ec5 truy c\u1eadp v\u00e0 qu\u1ea3n l\u00fd.<\/span><\/li>\n<\/ul>\n<p style=\"text-align: justify;\"><span style=\"font-weight: 400;\">T\u00ednh n\u0103ng n\u00e0y t\u1ea1o \u0111i\u1ec1u ki\u1ec7n cho ng\u01b0\u1eddi d\u00f9ng ghi l\u1ea1i t\u1eebng kho\u1ea3nh kh\u1eafc \u00e2m nh\u1ea1c, \u0111\u1ed3ng th\u1eddi chia s\u1ebb v\u1edbi c\u1ed9ng \u0111\u1ed3ng m\u1ed9t c\u00e1ch nhanh ch\u00f3ng.<\/span><\/p>\n<h3 style=\"text-align: justify;\"><b>4.3. Live room v\u00e0 c\u1ed9ng \u0111\u1ed3ng<\/b><\/h3>\n<p style=\"text-align: justify;\"><span style=\"font-weight: 400;\">Yokara kh\u00f4ng ch\u1ec9 l\u00e0 h\u00e1t karaoke c\u00e1 nh\u00e2n m\u00e0 c\u00f2n h\u01b0\u1edbng \u0111\u1ebfn vi\u1ec7c x\u00e2y d\u1ef1ng m\u00f4i tr\u01b0\u1eddng t\u01b0\u01a1ng t\u00e1c c\u1ed9ng \u0111\u1ed3ng s\u00f4i \u0111\u1ed9ng:<\/span><\/p>\n<ul style=\"text-align: justify;\">\n<li style=\"font-weight: 400;\" aria-level=\"1\"><span style=\"font-weight: 400;\">Live room cho ph\u00e9p ng\u01b0\u1eddi d\u00f9ng bi\u1ec3u di\u1ec5n tr\u1ef1c ti\u1ebfp.<\/span><\/li>\n<li style=\"font-weight: 400;\" aria-level=\"1\"><span style=\"font-weight: 400;\">Ng\u01b0\u1eddi kh\u00e1c c\u00f3 th\u1ec3 tham gia nghe, b\u00ecnh lu\u1eadn, c\u1ed5 v\u0169 v\u00e0 trao \u0111\u1ed5i.<\/span><\/li>\n<li style=\"font-weight: 400;\" aria-level=\"1\"><span style=\"font-weight: 400;\">Ng\u01b0\u1eddi d\u00f9ng c\u00f3 th\u1ec3 t\u1ed5 ch\u1ee9c mini show, chia s\u1ebb gi\u1ecdng h\u00e1t v\u1edbi b\u1ea1n b\u00e8 v\u00e0 ng\u01b0\u1eddi theo d\u00f5i.<\/span><\/li>\n<li style=\"font-weight: 400;\" aria-level=\"1\"><span style=\"font-weight: 400;\">H\u1ec7 th\u1ed1ng x\u1ebfp h\u1ea1ng v\u00e0 t\u01b0\u01a1ng t\u00e1c gi\u00fap t\u1ea1o \u0111\u1ed9ng l\u1ef1c cho c\u1ed9ng \u0111\u1ed3ng.<\/span><\/li>\n<\/ul>\n<p style=\"text-align: justify;\"><span style=\"font-weight: 400;\">T\u00ednh n\u0103ng c\u1ed9ng \u0111\u1ed3ng n\u00e0y gi\u00fap tr\u1ea3i nghi\u1ec7m karaoke chuy\u1ec3n bi\u1ebfn th\u00e0nh ho\u1ea1t \u0111\u1ed9ng x\u00e3 h\u1ed9i, kh\u00f4ng c\u00f2n mang t\u00ednh \u0111\u01a1n \u0111\u1ed9c.<\/span><\/p>\n<h2 style=\"text-align: justify;\"><b>5. H\u01b0\u1edbng d\u1eabn t\u1ea3i v\u00e0 c\u00e0i \u0111\u1eb7t Yokara<\/b><\/h2>\n<p style=\"text-align: justify;\"><span style=\"font-weight: 400;\">Vi\u1ec7c t\u1ea3i v\u00e0 c\u00e0i \u0111\u1eb7t Yokara \u0111\u01b0\u1ee3c thi\u1ebft k\u1ebf \u0111\u01a1n gi\u1ea3n, ph\u00f9 h\u1ee3p v\u1edbi nhi\u1ec1u thi\u1ebft b\u1ecb v\u00e0 n\u1ec1n t\u1ea3ng. \u0110\u1ec3 \u0111\u1ea3m b\u1ea3o tr\u1ea3i nghi\u1ec7m \u1ed5n \u0111\u1ecbnh, ng\u01b0\u1eddi d\u00f9ng n\u00ean th\u1ef1c hi\u1ec7n \u0111\u00fang quy tr\u00ecnh theo t\u1eebng h\u1ec7 \u0111i\u1ec1u h\u00e0nh.<\/span><\/p>\n<div id=\"attachment_4191\" style=\"width: 810px\" class=\"wp-caption aligncenter\"><img loading=\"lazy\" decoding=\"async\" aria-describedby=\"caption-attachment-4191\" class=\"size-full wp-image-4191\" src=\"https:\/\/storage.googleapis.com\/ikara4m.appspot.com\/1\/2026\/01\/huong-dan-tai-va-cai-dat-yokara.png\" alt=\"\u1ee8ng d\u1ee5ng Yokara l\u00e0 n\u1ec1n t\u1ea3ng \u00e2m nh\u1ea1c tr\u1ef1c tuy\u1ebfn th\u00e2n thi\u1ec7n v\u1edbi ng\u01b0\u1eddi d\u00f9ng\" width=\"800\" height=\"520\" srcset=\"https:\/\/storage.googleapis.com\/ikara4m.appspot.com\/1\/2026\/01\/huong-dan-tai-va-cai-dat-yokara.png 800w, https:\/\/storage.googleapis.com\/ikara4m.appspot.com\/1\/2026\/01\/huong-dan-tai-va-cai-dat-yokara-300x195.png 300w, https:\/\/storage.googleapis.com\/ikara4m.appspot.com\/1\/2026\/01\/huong-dan-tai-va-cai-dat-yokara-768x499.png 768w\" sizes=\"auto, (max-width: 800px) 100vw, 800px\" \/><p id=\"caption-attachment-4191\" class=\"wp-caption-text\">\u1ee8ng d\u1ee5ng Yokara l\u00e0 n\u1ec1n t\u1ea3ng \u00e2m nh\u1ea1c tr\u1ef1c tuy\u1ebfn th\u00e2n thi\u1ec7n v\u1edbi ng\u01b0\u1eddi d\u00f9ng<\/p><\/div>\n<h3 style=\"text-align: justify;\"><b>5.1. T\u1ea3i Yokara tr\u00ean Android v\u00e0 iPhone<\/b><\/h3>\n<p style=\"text-align: justify;\"><span style=\"font-weight: 400;\">Yokara h\u1ed7 tr\u1ee3 c\u00e0i \u0111\u1eb7t tr\u1ef1c ti\u1ebfp tr\u00ean thi\u1ebft b\u1ecb di \u0111\u1ed9ng th\u00f4ng qua kho \u1ee9ng d\u1ee5ng ch\u00ednh th\u1ee9c. Quy tr\u00ecnh t\u1ea3i \u1ee9ng d\u1ee5ng Yokara g\u1ed3m c\u00e1c b\u01b0\u1edbc sau:<\/span><\/p>\n<ul style=\"text-align: justify;\">\n<li style=\"font-weight: 400;\" aria-level=\"1\"><span style=\"font-weight: 400;\">Truy c\u1eadp c\u1eeda h\u00e0ng \u1ee9ng d\u1ee5ng t\u01b0\u01a1ng \u1ee9ng tr\u00ean thi\u1ebft b\u1ecb<\/span><\/li>\n<li style=\"font-weight: 400;\" aria-level=\"1\"><span style=\"font-weight: 400;\">Nh\u1eadp t\u1eeb kh\u00f3a t\u00ecm ki\u1ebfm \u1ee9ng d\u1ee5ng Yokara<\/span><\/li>\n<li style=\"font-weight: 400;\" aria-level=\"1\"><span style=\"font-weight: 400;\">Ch\u1ecdn \u0111\u00fang \u1ee9ng d\u1ee5ng ch\u00ednh th\u1ee9c c\u1ee7a Yokara<\/span><\/li>\n<li style=\"font-weight: 400;\" aria-level=\"1\"><span style=\"font-weight: 400;\">Nh\u1ea5n c\u00e0i \u0111\u1eb7t v\u00e0 ch\u1edd ho\u00e0n t\u1ea5t t\u1ea3i xu\u1ed1ng<\/span><\/li>\n<li style=\"font-weight: 400;\" aria-level=\"1\"><span style=\"font-weight: 400;\">M\u1edf \u1ee9ng d\u1ee5ng v\u00e0 c\u1ea5p c\u00e1c quy\u1ec1n c\u1ea7n thi\u1ebft<\/span><\/li>\n<li style=\"font-weight: 400;\" aria-level=\"1\"><span style=\"font-weight: 400;\">\u0110\u0103ng nh\u1eadp ho\u1eb7c t\u1ea1o t\u00e0i kho\u1ea3n \u0111\u1ec3 b\u1eaft \u0111\u1ea7u h\u00e1t karaoke<\/span><\/li>\n<\/ul>\n<p style=\"text-align: justify;\"><span style=\"font-weight: 400;\">Phi\u00ean b\u1ea3n di \u0111\u1ed9ng c\u1ee7a Yokara \u0111\u01b0\u1ee3c t\u1ed1i \u01b0u cho vi\u1ec7c h\u00e1t karaoke, thu \u00e2m v\u00e0 chia s\u1ebb nhanh ch\u00f3ng, ph\u00f9 h\u1ee3p v\u1edbi nhu c\u1ea7u gi\u1ea3i tr\u00ed m\u1ecdi l\u00fac.<\/span><\/p>\n<h3 style=\"text-align: justify;\"><b>5.2. T\u1ea3i v\u00e0 s\u1eed d\u1ee5ng Yokara tr\u00ean m\u00e1y t\u00ednh<\/b><\/h3>\n<p style=\"text-align: justify;\"><span style=\"font-weight: 400;\">Yokara tr\u00ean m\u00e1y t\u00ednh \u0111\u00e1p \u1ee9ng nhu c\u1ea7u h\u00e1t karaoke t\u1ea1i nh\u00e0 v\u1edbi m\u00e0n h\u00ecnh l\u1edbn v\u00e0 \u00e2m thanh \u1ed5n \u0111\u1ecbnh. Ng\u01b0\u1eddi d\u00f9ng c\u00f3 th\u1ec3 l\u1ef1a ch\u1ecdn s\u1eed d\u1ee5ng Yokara online ho\u1eb7c Yokara karaoke PC.<\/span><\/p>\n<p style=\"text-align: justify;\"><span style=\"font-weight: 400;\">C\u00e1c b\u01b0\u1edbc s\u1eed d\u1ee5ng Yokara tr\u00ean m\u00e1y t\u00ednh g\u1ed3m:<\/span><\/p>\n<ul style=\"text-align: justify;\">\n<li style=\"font-weight: 400;\" aria-level=\"1\"><span style=\"font-weight: 400;\">Truy c\u1eadp website ch\u00ednh th\u1ee9c yokara.com<\/span><\/li>\n<li style=\"font-weight: 400;\" aria-level=\"1\"><span style=\"font-weight: 400;\">Ch\u1ecdn phi\u00ean b\u1ea3n s\u1eed d\u1ee5ng tr\u00ean m\u00e1y t\u00ednh<\/span><\/li>\n<li style=\"font-weight: 400;\" aria-level=\"1\"><span style=\"font-weight: 400;\">\u0110\u0103ng nh\u1eadp t\u00e0i kho\u1ea3n Yokara<\/span><\/li>\n<li style=\"font-weight: 400;\" aria-level=\"1\"><span style=\"font-weight: 400;\">Truy c\u1eadp th\u01b0 vi\u1ec7n b\u00e0i h\u00e1t karaoke<\/span><\/li>\n<li style=\"font-weight: 400;\" aria-level=\"1\"><span style=\"font-weight: 400;\">K\u1ebft n\u1ed1i micro v\u00e0 thi\u1ebft b\u1ecb \u00e2m thanh<\/span><\/li>\n<li style=\"font-weight: 400;\" aria-level=\"1\"><span style=\"font-weight: 400;\">B\u1eaft \u0111\u1ea7u h\u00e1t karaoke ho\u1eb7c thu \u00e2m<\/span><\/li>\n<\/ul>\n<p style=\"text-align: justify;\"><span style=\"font-weight: 400;\">H\u00ecnh th\u1ee9c s\u1eed d\u1ee5ng n\u00e0y ph\u00f9 h\u1ee3p v\u1edbi ng\u01b0\u1eddi d\u00f9ng y\u00eau c\u1ea7u tr\u1ea3i nghi\u1ec7m karaoke \u1ed5n \u0111\u1ecbnh, kh\u00f4ng ph\u1ee5 thu\u1ed9c thi\u1ebft b\u1ecb di \u0111\u1ed9ng.<\/span><\/p>\n<h3 style=\"text-align: justify;\"><b>5.3. C\u00e0i \u0111\u1eb7t phi\u00ean b\u1ea3n m\u1edbi<\/b><\/h3>\n<p style=\"text-align: justify;\"><span style=\"font-weight: 400;\">Vi\u1ec7c c\u1eadp nh\u1eadt v\u00e0 c\u00e0i \u0111\u1eb7t Yokara phi\u00ean b\u1ea3n m\u1edbi gi\u00fap c\u1ea3i thi\u1ec7n hi\u1ec7u su\u1ea5t, s\u1eeda l\u1ed7i v\u00e0 n\u00e2ng cao ch\u1ea5t l\u01b0\u1ee3ng tr\u1ea3i nghi\u1ec7m. Quy tr\u00ecnh c\u1eadp nh\u1eadt \u0111\u01b0\u1ee3c khuy\u1ebfn ngh\u1ecb th\u1ef1c hi\u1ec7n \u0111\u1ecbnh k\u1ef3 theo c\u00e1c b\u01b0\u1edbc:<\/span><\/p>\n<ul style=\"text-align: justify;\">\n<li style=\"font-weight: 400;\" aria-level=\"1\"><span style=\"font-weight: 400;\">M\u1edf \u1ee9ng d\u1ee5ng Yokara tr\u00ean thi\u1ebft b\u1ecb<\/span><\/li>\n<li style=\"font-weight: 400;\" aria-level=\"1\"><span style=\"font-weight: 400;\">Ki\u1ec3m tra th\u00f4ng b\u00e1o c\u1eadp nh\u1eadt phi\u00ean b\u1ea3n<\/span><\/li>\n<li style=\"font-weight: 400;\" aria-level=\"1\"><span style=\"font-weight: 400;\">Th\u1ef1c hi\u1ec7n c\u1eadp nh\u1eadt khi c\u00f3 phi\u00ean b\u1ea3n m\u1edbi<\/span><\/li>\n<li style=\"font-weight: 400;\" aria-level=\"1\"><span style=\"font-weight: 400;\">Kh\u1edfi \u0111\u1ed9ng l\u1ea1i \u1ee9ng d\u1ee5ng sau khi c\u00e0i \u0111\u1eb7t<\/span><\/li>\n<li style=\"font-weight: 400;\" aria-level=\"1\"><span style=\"font-weight: 400;\">Ki\u1ec3m tra l\u1ea1i t\u00ednh n\u0103ng v\u00e0 th\u01b0 vi\u1ec7n b\u00e0i h\u00e1t<\/span><\/li>\n<\/ul>\n<p style=\"text-align: justify;\"><span style=\"font-weight: 400;\">C\u00e0i \u0111\u1eb7t Yokara phi\u00ean b\u1ea3n m\u1edbi gi\u00fap \u0111\u1ea3m b\u1ea3o t\u00ednh \u1ed5n \u0111\u1ecbnh, t\u01b0\u01a1ng th\u00edch v\u00e0 an to\u00e0n khi s\u1eed d\u1ee5ng.<\/span><\/p>\n<h2 style=\"text-align: justify;\"><b>6. So s\u00e1nh Yokara v\u1edbi c\u00e1c \u1ee9ng d\u1ee5ng kh\u00e1c<\/b><\/h2>\n<p style=\"text-align: justify;\"><span style=\"font-weight: 400;\">So v\u1edbi nhi\u1ec1u n\u1ec1n t\u1ea3ng gi\u1ea3i tr\u00ed \u00e2m nh\u1ea1c nh\u01b0 mp3 hay d\u1ecbch v\u1ee5 nghe nh\u1ea1c tr\u1ef1c tuy\u1ebfn, Yokara t\u1eadp trung m\u1ea1nh v\u00e0o tr\u1ea3i nghi\u1ec7m h\u00e1t karaoke v\u00e0 t\u01b0\u01a1ng t\u00e1c c\u1ed9ng \u0111\u1ed3ng. \u0110i\u1ec3m kh\u00e1c bi\u1ec7t c\u1ee7a Yokara n\u1eb1m \u1edf kh\u1ea3 n\u0103ng thu \u00e2m, chia s\u1ebb v\u00e0 x\u00e2y d\u1ef1ng kh\u00f4ng gian k\u1ebft n\u1ed1i xoay quanh gi\u1ecdng h\u00e1t c\u1ee7a ng\u01b0\u1eddi d\u00f9ng, thay v\u00ec ch\u1ec9 nghe nh\u1ea1c th\u1ee5 \u0111\u1ed9ng.<\/span><\/p>\n<h2 style=\"text-align: justify;\"><b>Li\u00ean h\u1ec7 v\u1edbi ch\u00fang t\u00f4i<\/b><\/h2>\n<p style=\"text-align: justify;\"><span style=\"font-weight: 400;\">Yokara lu\u00f4n s\u1eb5n s\u00e0ng h\u1ed7 tr\u1ee3 ng\u01b0\u1eddi d\u00f9ng trong qu\u00e1 tr\u00ecnh s\u1eed d\u1ee5ng \u1ee9ng d\u1ee5ng. M\u1ecdi th\u1eafc m\u1eafc v\u1ec1 t\u1ea3i Yokara, c\u00e0i \u0111\u1eb7t ho\u1eb7c tr\u1ea3i nghi\u1ec7m karaoke online c\u00f3 th\u1ec3 \u0111\u01b0\u1ee3c g\u1eedi qua k\u00eanh li\u00ean h\u1ec7 ch\u00ednh th\u1ee9c \u0111\u1ec3 nh\u1eadn ph\u1ea3n h\u1ed3i k\u1ecbp th\u1eddi.<\/span><\/p>\n<p style=\"text-align: justify;\"><b>\ud83d\udccd \u0110i\u0323a chi\u0309: 77 V\u00f5 Nguy\u00ean Gi\u00e1p, B\u1ea3o Ninh, \u0110\u1ed3ng H\u1edbi, Qu\u1ea3ng B\u00ecnh<\/b><b><br \/>\n<\/b><span style=\"font-weight: 400;\">\ud83d\udcde Hotline: <\/span><b>0888268286<\/b><span style=\"font-weight: 400;\"><br \/>\n<\/span><span style=\"font-weight: 400;\">\u2728 Facebook:<\/span><a href=\"https:\/\/www.facebook.com\/yokaravn\" target=\"_blank\" rel=\"noopener\"> <span style=\"font-weight: 400;\">https:\/\/www.facebook.com\/yokaravn<\/span><span style=\"font-weight: 400;\"><br \/>\n<\/span><\/a><span style=\"font-weight: 400;\">\u2709\ufe0f Email h\u1ed7 tr\u1ee3: support@yokara.com<\/span><span style=\"font-weight: 400;\"><br \/>\n<\/span><span style=\"font-weight: 400;\">\ud83c\udf10 Website:<\/span><a href=\"https:\/\/www.yokara.com\"> <span style=\"font-weight: 400;\">https:\/\/www.yokara.com<\/span><\/a><\/p>\n<p style=\"text-align: justify;\"><b>C\u00e2u h\u1ecfi th\u01b0\u1eddng g\u1eb7p \u2013 FAQ<\/b><\/p>\n<p><b>1. Yokara l\u00e0 g\u00ec?<\/b><\/p>\n<p style=\"text-align: justify;\"><span style=\"font-weight: 400;\">Yokara l\u00e0 \u1ee9ng d\u1ee5ng karaoke tr\u1ef1c tuy\u1ebfn cho ph\u00e9p ng\u01b0\u1eddi d\u00f9ng h\u00e1t, thu \u00e2m v\u00e0 chia s\u1ebb gi\u1ecdng h\u00e1t tr\u00ean nhi\u1ec1u n\u1ec1n t\u1ea3ng.<\/span><\/p>\n<p><b>2. L\u00e0m sao \u0111\u1ec3 t\u1ea3i Yokara tr\u00ean PC?<\/b><\/p>\n<p style=\"text-align: justify;\"><span style=\"font-weight: 400;\">Yokara h\u1ed7 tr\u1ee3 s\u1eed d\u1ee5ng tr\u00ean m\u00e1y t\u00ednh th\u00f4ng qua tr\u00ecnh duy\u1ec7t ho\u1eb7c phi\u00ean b\u1ea3n Yokara karaoke PC.<\/span><\/p>\n<p><b>3. C\u00f3 th\u1ec3 h\u00e1t karaoke tr\u00ean YouTube b\u1eb1ng Yokara kh\u00f4ng?<\/b><\/p>\n<p style=\"text-align: justify;\"><span style=\"font-weight: 400;\">Yokara h\u1ed7 tr\u1ee3 t\u00edch h\u1ee3p YouTube, gi\u00fap ng\u01b0\u1eddi d\u00f9ng h\u00e1t karaoke v\u1edbi ngu\u1ed3n nh\u1ea1c phong ph\u00fa.<\/span><\/p>\n","protected":false},"excerpt":{"rendered":"<p>Trong k\u1ef7 nguy\u00ean s\u1ed1, nhu c\u1ea7u h\u00e1t karaoke tr\u1ef1c tuy\u1ebfn v\u00e0 chia s\u1ebb \u00e2m nh\u1ea1c ng\u00e0y c\u00e0ng gia t\u0103ng. Yokara ra \u0111\u1eddi nh\u01b0 m\u1ed9t n\u1ec1n t\u1ea3ng to\u00e0n di\u1ec7n, gi\u00fap ng\u01b0\u1eddi d\u00f9ng h\u00e1t karaoke, thu \u00e2m, k\u1ebft n\u1ed1i c\u1ed9ng \u0111\u1ed3ng v\u00e0 gi\u1ea3i tr\u00ed m\u1ecdi l\u00fac. B\u00e0i vi\u1ebft n\u00e0y cung c\u1ea5p g\u00f3c nh\u00ecn \u0111\u1ea7y \u0111\u1ee7 v\u1ec1 Yokara, [&hellip;]<\/p>\n","protected":false},"author":1,"featured_media":4179,"parent":0,"menu_order":0,"comment_status":"closed","ping_status":"closed","template":"","meta":{"footnotes":""},"class_list":["post-4189","page","type-page","status-publish","has-post-thumbnail","hentry"],"_links":{"self":[{"href":"https:\/\/www.yokara.com\/news\/wp-json\/wp\/v2\/pages\/4189","targetHints":{"allow":["GET"]}}],"collection":[{"href":"https:\/\/www.yokara.com\/news\/wp-json\/wp\/v2\/pages"}],"about":[{"href":"https:\/\/www.yokara.com\/news\/wp-json\/wp\/v2\/types\/page"}],"author":[{"embeddable":true,"href":"https:\/\/www.yokara.com\/news\/wp-json\/wp\/v2\/users\/1"}],"replies":[{"embeddable":true,"href":"https:\/\/www.yokara.com\/news\/wp-json\/wp\/v2\/comments?post=4189"}],"version-history":[{"count":2,"href":"https:\/\/www.yokara.com\/news\/wp-json\/wp\/v2\/pages\/4189\/revisions"}],"predecessor-version":[{"id":4194,"href":"https:\/\/www.yokara.com\/news\/wp-json\/wp\/v2\/pages\/4189\/revisions\/4194"}],"wp:featuredmedia":[{"embeddable":true,"href":"https:\/\/www.yokara.com\/news\/wp-json\/wp\/v2\/media\/4179"}],"wp:attachment":[{"href":"https:\/\/www.yokara.com\/news\/wp-json\/wp\/v2\/media?parent=4189"}],"curies":[{"name":"wp","href":"https:\/\/api.w.org\/{rel}","templated":true}]}}