{"id":4173,"date":"2026-01-05T16:30:08","date_gmt":"2026-01-05T09:30:08","guid":{"rendered":"https:\/\/news-dot-ikara4m.appspot.com\/?page_id=4173"},"modified":"2026-01-05T16:30:53","modified_gmt":"2026-01-05T09:30:53","slug":"gioi-thieu-yokara","status":"publish","type":"page","link":"https:\/\/www.yokara.com\/news\/gioi-thieu-yokara\/","title":{"rendered":"Gi\u1edbi thi\u1ec7u Yokara \u2013 \u1ee8ng d\u1ee5ng h\u00e1t karaoke k\u1ebft n\u1ed1i c\u1ed9ng \u0111\u1ed3ng"},"content":{"rendered":"<p style=\"text-align: justify;\"><span style=\"font-weight: 400;\"><span dir=\"auto\" style=\"vertical-align: inherit;\"><span dir=\"auto\" style=\"vertical-align: inherit;\">\u00c2m nh\u1ea1c \u0111ang d\u1ea7n tr\u1edf th\u00e0nh c\u1ea7u n\u1ed1i c\u1ea3m x\u00fac trong k\u1ef7 nguy\u00ean s\u1ed1. V\u1edbi n\u1ec1n t\u1ea3ng x\u00e2y d\u1ef1ng karaoke tr\u1ef1c tuy\u1ebfn hi\u1ec7n \u0111\u1ea1i \u0111\u01b0\u1ee3c h\u01b0\u1edbng d\u1eabn s\u1eed d\u1ee5ng, Yokara mang \u0111\u1ebfn kh\u00f4ng gi\u1ea3i ph\u00e1p k\u1ebft h\u1ee3p c\u00f4ng ngh\u1ec7, c\u1ed9ng \u0111\u1ed3ng v\u00e0 tr\u1ea3i nghi\u1ec7m c\u00e1 nh\u00e2n h\u00f3a. B\u00e0i vi\u1ebft gi\u1edbi thi\u1ec7u t\u1ed5ng quan v\u1ec1 Yokara, c\u1ed1t l\u00f5i gi\u00e1 tr\u1ecb v\u00e0 nh\u1eefng cam k\u1ebft d\u00e0nh cho ng\u01b0\u1eddi d\u00f9ng.<\/span><\/span><\/span><\/p>\n<h2 style=\"text-align: justify;\"><b><span dir=\"auto\" style=\"vertical-align: inherit;\"><span dir=\"auto\" style=\"vertical-align: inherit;\">1. Gi\u1edbi thi\u1ec7u Yokara l\u00e0 g\u00ec?<\/span><\/span><\/b><\/h2>\n<div id=\"attachment_4182\" style=\"width: 810px\" class=\"wp-caption aligncenter\"><img loading=\"lazy\" decoding=\"async\" aria-describedby=\"caption-attachment-4182\" class=\"size-full wp-image-4182\" src=\"https:\/\/storage.googleapis.com\/ikara4m.appspot.com\/1\/2026\/01\/yokara-la-gi-1.png\" alt=\"Yokara l\u00e0 \u1ee9ng d\u1ee5ng karaoke tr\u1ef1c tuy\u1ebfn gi\u00fap k\u1ebft n\u1ed1i c\u1ed9ng \u0111\u1ed3ng\" width=\"800\" height=\"520\" srcset=\"https:\/\/storage.googleapis.com\/ikara4m.appspot.com\/1\/2026\/01\/yokara-la-gi-1.png 800w, https:\/\/storage.googleapis.com\/ikara4m.appspot.com\/1\/2026\/01\/yokara-la-gi-1-300x195.png 300w, https:\/\/storage.googleapis.com\/ikara4m.appspot.com\/1\/2026\/01\/yokara-la-gi-1-768x499.png 768w\" sizes=\"auto, (max-width: 800px) 100vw, 800px\" \/><p id=\"caption-attachment-4182\" class=\"wp-caption-text\"><span dir=\"auto\" style=\"vertical-align: inherit;\"><span dir=\"auto\" style=\"vertical-align: inherit;\">Yokara l\u00e0 \u1ee9ng d\u1ee5ng karaoke tr\u1ef1c tuy\u1ebfn gi\u00fap k\u1ebft n\u1ed1i c\u1ed9ng \u0111\u1ed3ng<\/span><\/span><\/p><\/div>\n<p style=\"text-align: justify;\"><span style=\"font-weight: 400;\"><span dir=\"auto\" style=\"vertical-align: inherit;\"><span dir=\"auto\" style=\"vertical-align: inherit;\">Yokara l\u00e0 \u1ee9ng d\u1ee5ng h\u00e1t karaoke tr\u1ef1c tuy\u1ebfn \u0111\u01b0\u1ee3c ph\u00e1t tri\u1ec3n nh\u1eb1m \u0111\u00e1p \u1ee9ng nhu c\u1ea7u gi\u1ea3i tr\u00ed, th\u1ec3 hi\u1ec7n c\u1ea3m x\u00fac v\u00e0 k\u1ebft n\u1ed1i c\u1ed9ng \u0111\u1ed3ng y\u00eau \u00e2m nh\u1ea1c. N\u1ec1n t\u1ea3ng cho ph\u00e9p ng\u01b0\u1eddi d\u00f9ng ti\u1ebfp c\u1eadn kho b\u00e0i h\u00e1t \u0111a d\u1ea1ng, ghi \u00e2m gi\u1ecdng h\u00e1t v\u00e0 l\u01b0u tr\u1eef tr\u1ea3i nghi\u1ec7m c\u00e1 nh\u00e2n trong m\u00f4i tr\u01b0\u1eddng s\u1ed1 h\u00f3a.<\/span><\/span><\/span><\/p>\n<p style=\"text-align: justify;\"><span style=\"font-weight: 400;\"><span dir=\"auto\" style=\"vertical-align: inherit;\"><span dir=\"auto\" style=\"vertical-align: inherit;\">Kh\u00e1c v\u1edbi h\u1ec7 th\u1ed1ng truy\u1ec1n t\u1ea3i karaoke h\u00ecnh th\u1ee9c, Yokara t\u1eadn d\u1ee5ng c\u00f4ng ngh\u1ec7 \u0111\u1ec3 m\u1edf r\u1ed9ng tr\u1ea3i nghi\u1ec7m, gi\u00fap vi\u1ec7c h\u00e1t karaoke kh\u00f4ng b\u1ecb gi\u1edbi h\u1ea1n b\u1edfi kh\u00f4ng gian hay th\u1eddi gian. Ng\u01b0\u1eddi d\u00f9ng c\u00f3 th\u1ec3 tham gia ho\u1ea1t \u0111\u1ed9ng \u00e2m nh\u1ea1c m\u1ecdi l\u00fac, \u0111\u1ed3ng th\u1eddi t\u01b0\u01a1ng t\u00e1c v\u1edbi c\u1ed9ng \u0111\u1ed3ng c\u00f3 c\u00f9ng s\u1edf th\u00edch.<\/span><\/span><\/span><\/p>\n<p style=\"text-align: justify;\"><span style=\"font-weight: 400;\"><span dir=\"auto\" style=\"vertical-align: inherit;\"><span dir=\"auto\" style=\"vertical-align: inherit;\">Th\u00f4ng qua \u0111\u1ecbnh h\u01b0\u1edbng ph\u00e1t tri\u1ec3n b\u1ec1n v\u1eefng, Yokara kh\u00f4ng ch\u1ec9 t\u1eadp trung v\u00e0o c\u00e1c t\u00ednh n\u0103ng m\u00e0 c\u00f2n ch\u00fa \u00fd x\u00e2y d\u1ef1ng h\u1ec7 th\u1ed1ng sinh th\u00e1i \u00e2m nh\u1ea1c v\u0103n minh, minh b\u1ea1ch v\u00e0 t\u00f4n tr\u1ecdng quy\u1ec1n s\u1edf h\u1eefu tr\u00ed tu\u1ec7.<\/span><\/span><\/span><\/p>\n<h2 style=\"text-align: justify;\"><b><span dir=\"auto\" style=\"vertical-align: inherit;\"><span dir=\"auto\" style=\"vertical-align: inherit;\">2. S\u1ee9 m\u1ec7nh v\u00e0 gi\u00e1 tr\u1ecb Yokara mang l\u1ea1i<\/span><\/span><\/b><\/h2>\n<p style=\"text-align: justify;\"><span style=\"font-weight: 400;\"><span dir=\"auto\" style=\"vertical-align: inherit;\"><span dir=\"auto\" style=\"vertical-align: inherit;\">S\u1ee9 m\u1ec7nh c\u1ee7a Yokara l\u00e0 t\u1ea1o ra m\u1ed9t n\u1ec1n t\u1ea3ng karaoke tr\u1ef1c tuy\u1ebfn, n\u01a1i \u00e2m nh\u1ea1c tr\u1edf th\u00e0nh ph\u01b0\u01a1ng ti\u1ec7n k\u1ebft n\u1ed1i c\u1ea3m x\u00fac v\u00e0 con ng\u01b0\u1eddi. Yokara h\u01b0\u1edbng d\u1eabn tr\u1ea3i nghi\u1ec7m tr\u1ea3i nghi\u1ec7m h\u00e1t karaoke tr\u1edf n\u00ean d\u1ec5 d\u00e0ng ti\u1ebfp c\u1eadn, an to\u00e0n v\u00e0 mang t\u00ednh c\u1ed9ng \u0111\u1ed3ng cao.<\/span><\/span><\/span><\/p>\n<p style=\"text-align: justify;\"><span style=\"font-weight: 400;\"><span dir=\"auto\" style=\"vertical-align: inherit;\"><span dir=\"auto\" style=\"vertical-align: inherit;\">Nh\u1eefng gi\u00e1 tr\u1ecb c\u1ed1t l\u00f5i Yokara theo \u0111u\u1ed5i bao bao g\u1ed3m:<\/span><\/span><\/span><\/p>\n<ul style=\"text-align: justify;\">\n<li style=\"font-weight: 400;\" aria-level=\"1\"><span style=\"font-weight: 400;\"><span dir=\"auto\" style=\"vertical-align: inherit;\"><span dir=\"auto\" style=\"vertical-align: inherit;\">Mang \u0111\u1ebfn tr\u1ea3i nghi\u1ec7m gi\u1ea3i tr\u00ed l\u00e0nh m\u1ea1nh, ph\u00f9 h\u1ee3p v\u1edbi nhi\u1ec1u nh\u00f3m ng\u01b0\u1eddi<\/span><\/span><\/span><\/li>\n<li style=\"font-weight: 400;\" aria-level=\"1\"><span style=\"font-weight: 400;\"><span dir=\"auto\" style=\"vertical-align: inherit;\"><span dir=\"auto\" style=\"vertical-align: inherit;\">T\u00f4n tr\u1ecdng b\u1ea3n quy\u1ec1n v\u00e0 gi\u00e1 tr\u1ecb s\u00e1ng t\u1ea1o trong \u00e2m nh\u1ea1c<\/span><\/span><\/span><\/li>\n<li style=\"font-weight: 400;\" aria-level=\"1\"><span style=\"font-weight: 400;\"><span dir=\"auto\" style=\"vertical-align: inherit;\"><span dir=\"auto\" style=\"vertical-align: inherit;\">\u1ee8ng d\u1ee5ng c\u00f4ng ngh\u1ec7 \u0111\u1ec3 c\u00e1 nh\u00e2n tr\u1ea3i nghi\u1ec7m h\u00e1t karaoke<\/span><\/span><\/span><\/li>\n<li style=\"font-weight: 400;\" aria-level=\"1\"><span style=\"font-weight: 400;\"><span dir=\"auto\" style=\"vertical-align: inherit;\"><span dir=\"auto\" style=\"vertical-align: inherit;\">X\u00e2y d\u1ef1ng c\u1ed9ng \u0111\u1ed3ng \u00e2m nh\u1ea1c t\u00edch c\u1ef1c v\u00e0 c\u1ef1c k\u1ef3 b\u1ec1n v\u1eefng<\/span><\/span><\/span><\/li>\n<\/ul>\n<p style=\"text-align: justify;\"><span style=\"font-weight: 400;\"><span dir=\"auto\" style=\"vertical-align: inherit;\"><span dir=\"auto\" style=\"vertical-align: inherit;\">Th\u00f4ng qua c\u00e1c gi\u00e1 tr\u1ecb n\u00e0y, Yokara t\u1eebng b\u01b0\u1edbc x\u00e1c \u0111\u1ecbnh v\u1ecb tr\u00ed c\u1ee7a m\u1ed9t \u1ee9ng d\u1ee5ng karaoke kh\u00f4ng ch\u1ec9 ph\u1ee5c v\u1ee5 gi\u1ea3i tr\u00ed m\u00e0 c\u00f2n kh\u00f4ng th\u1ec3 hi\u1ec7n b\u1ea3n th\u00e2n cho ng\u01b0\u1eddi d\u00f9ng.<\/span><\/span><\/span><\/p>\n<h2 style=\"text-align: justify;\"><b><span dir=\"auto\" style=\"vertical-align: inherit;\"><span dir=\"auto\" style=\"vertical-align: inherit;\">3. T\u00ednh n\u1ed5i b\u1eadt c\u1ee7a Yokara<\/span><\/span><\/b><\/h2>\n<div id=\"attachment_4180\" style=\"width: 810px\" class=\"wp-caption aligncenter\"><img loading=\"lazy\" decoding=\"async\" aria-describedby=\"caption-attachment-4180\" class=\"size-full wp-image-4180\" src=\"https:\/\/storage.googleapis.com\/ikara4m.appspot.com\/1\/2026\/01\/tinh-nang-noi-bac-cua-yokara-1.png\" alt=\"Yokara h\u1ed7 tr\u1ee3 t\u00ednh n\u0103ng thu \u00e2m thanh l\u1ecdc nh\u01b0 m\u1ed9t ph\u00f2ng thu chuy\u00ean nghi\u1ec7p\" width=\"800\" height=\"520\" srcset=\"https:\/\/storage.googleapis.com\/ikara4m.appspot.com\/1\/2026\/01\/tinh-nang-noi-bac-cua-yokara-1.png 800w, https:\/\/storage.googleapis.com\/ikara4m.appspot.com\/1\/2026\/01\/tinh-nang-noi-bac-cua-yokara-1-300x195.png 300w, https:\/\/storage.googleapis.com\/ikara4m.appspot.com\/1\/2026\/01\/tinh-nang-noi-bac-cua-yokara-1-768x499.png 768w\" sizes=\"auto, (max-width: 800px) 100vw, 800px\" \/><p id=\"caption-attachment-4180\" class=\"wp-caption-text\"><span dir=\"auto\" style=\"vertical-align: inherit;\"><span dir=\"auto\" style=\"vertical-align: inherit;\">Yokara h\u1ed7 tr\u1ee3 t\u00ednh n\u0103ng thu \u00e2m thanh l\u1ecdc nh\u01b0 m\u1ed9t ph\u00f2ng thu chuy\u00ean nghi\u1ec7p<\/span><\/span><\/p><\/div>\n<p style=\"text-align: justify;\"><span style=\"font-weight: 400;\"><span dir=\"auto\" style=\"vertical-align: inherit;\"><span dir=\"auto\" style=\"vertical-align: inherit;\">Yokara \u0111\u01b0\u1ee3c thi\u1ebft k\u1ebf v\u1edbi h\u1ec7 th\u1ed1ng c\u00f3 nhi\u1ec1u t\u00ednh n\u0103ng phong ph\u00fa nh\u1eb1m \u0111\u00e1p \u1ee9ng nhu c\u1ea7u \u0111a d\u1ea1ng c\u1ee7a ng\u01b0\u1eddi d\u00f9ng y\u00eau th\u00edch \u00e2m nh\u1ea1c. C\u00e1c t\u00ednh n\u0103ng \u0111\u01b0\u1ee3c ph\u00e1t tri\u1ec3n d\u1ef1a tr\u00ean h\u00e0nh vi s\u1eed d\u1ee5ng th\u1ef1c t\u1ebf v\u00e0 xu h\u01b0\u1edbng gi\u1ea3i quy\u1ebft s\u1ed1 hi\u1ec7n nay.<\/span><\/span><\/span><\/p>\n<p style=\"text-align: justify;\"><span style=\"font-weight: 400;\"><span dir=\"auto\" style=\"vertical-align: inherit;\"><span dir=\"auto\" style=\"vertical-align: inherit;\">M\u1ed9t s\u1ed1 t\u00ednh n\u0103ng n\u1ed5i b\u1eadt c\u00f3 th\u1ec3 k\u1ec3 \u0111\u1ebfn:<\/span><\/span><\/span><\/p>\n<ul style=\"text-align: justify;\">\n<li style=\"font-weight: 400;\" aria-level=\"1\"><span style=\"font-weight: 400;\"><span dir=\"auto\" style=\"vertical-align: inherit;\"><span dir=\"auto\" style=\"vertical-align: inherit;\">H\u00e1t karaoke tr\u1ef1c tuy\u1ebfn v\u1edbi kho b\u00e0i h\u00e1t \u0111\u01b0\u1ee3c c\u1eadp nh\u1eadt th\u01b0\u1eddng xuy\u00ean<\/span><\/span><\/span><\/li>\n<li style=\"font-weight: 400;\" aria-level=\"1\"><span style=\"font-weight: 400;\"><span dir=\"auto\" style=\"vertical-align: inherit;\"><span dir=\"auto\" style=\"vertical-align: inherit;\">Ghi \u00e2m v\u00e0 l\u01b0u tr\u1eef b\u1ea3n thu gi\u1ecdng h\u00e1t c\u00e1 nh\u00e2n<\/span><\/span><\/span><\/li>\n<li style=\"font-weight: 400;\" aria-level=\"1\"><span style=\"font-weight: 400;\"><span dir=\"auto\" style=\"vertical-align: inherit;\"><span dir=\"auto\" style=\"vertical-align: inherit;\">Qu\u1ea3n l\u00fd danh s\u00e1ch b\u00e0i h\u00e1t y\u00eau th\u00edch<\/span><\/span><\/span><\/li>\n<li style=\"font-weight: 400;\" aria-level=\"1\"><span style=\"font-weight: 400;\"><span dir=\"auto\" style=\"vertical-align: inherit;\"><span dir=\"auto\" style=\"vertical-align: inherit;\">Tham gia c\u00e1c ho\u1ea1t \u0111\u1ed9ng c\u1ed9ng \u0111\u1ed3ng trong ph\u1ea1m vi \u0111\u01b0\u1ee3c ph\u00e9p<\/span><\/span><\/span><\/li>\n<li style=\"font-weight: 400;\" aria-level=\"1\"><span style=\"font-weight: 400;\"><span dir=\"auto\" style=\"vertical-align: inherit;\"><span dir=\"auto\" style=\"vertical-align: inherit;\">Tr\u1ea3i nghi\u1ec7m n\u00e2ng cao ti\u1ec7n \u00edch th\u00f4ng qua g\u00f3i d\u1ecbch v\u1ee5 VIP<\/span><\/span><\/span><\/li>\n<\/ul>\n<p style=\"text-align: justify;\"><span style=\"font-weight: 400;\"><span dir=\"auto\" style=\"vertical-align: inherit;\"><span dir=\"auto\" style=\"vertical-align: inherit;\">C\u00e1c t\u00ednh n\u0103ng t\u1ed1i \u01b0u \u0111\u01b0\u1ee3c s\u1eed d\u1ee5ng \u0111\u1ec3 v\u1eadn h\u00e0nh \u1ed5n \u0111\u1ecbnh tr\u00ean nhi\u1ec1u thi\u1ebft b\u1ecb, gi\u00fap ng\u01b0\u1eddi d\u00f9ng duy tr\u00ec tr\u1ea3i nghi\u1ec7m m\u01b0\u1ee3t m\u00e0 trong su\u1ed1t qu\u00e1 tr\u00ecnh s\u1eed d\u1ee5ng.<\/span><\/span><\/span><\/p>\n<h2 style=\"text-align: justify;\"><b><span dir=\"auto\" style=\"vertical-align: inherit;\"><span dir=\"auto\" style=\"vertical-align: inherit;\">4. Ng\u01b0\u1eddi d\u00f9ng tr\u1ea3i nghi\u1ec7m tr\u00ean Yokara<\/span><\/span><\/b><\/h2>\n<div id=\"attachment_4181\" style=\"width: 810px\" class=\"wp-caption aligncenter\"><img loading=\"lazy\" decoding=\"async\" aria-describedby=\"caption-attachment-4181\" class=\"size-full wp-image-4181\" src=\"https:\/\/storage.googleapis.com\/ikara4m.appspot.com\/1\/2026\/01\/trai-nghiem-nguoi-dung-tren-yokara-1.png\" alt=\"Giao di\u1ec7n tr\u00ean Yokara \u0111\u01b0\u1ee3c thi\u1ebft k\u1ebf th\u00e2n thi\u1ec7n v\u1edbi ng\u01b0\u1eddi d\u00f9ng\" width=\"800\" height=\"520\" srcset=\"https:\/\/storage.googleapis.com\/ikara4m.appspot.com\/1\/2026\/01\/trai-nghiem-nguoi-dung-tren-yokara-1.png 800w, https:\/\/storage.googleapis.com\/ikara4m.appspot.com\/1\/2026\/01\/trai-nghiem-nguoi-dung-tren-yokara-1-300x195.png 300w, https:\/\/storage.googleapis.com\/ikara4m.appspot.com\/1\/2026\/01\/trai-nghiem-nguoi-dung-tren-yokara-1-768x499.png 768w\" sizes=\"auto, (max-width: 800px) 100vw, 800px\" \/><p id=\"caption-attachment-4181\" class=\"wp-caption-text\"><span dir=\"auto\" style=\"vertical-align: inherit;\"><span dir=\"auto\" style=\"vertical-align: inherit;\">Giao di\u1ec7n tr\u00ean Yokara \u0111\u01b0\u1ee3c thi\u1ebft k\u1ebf th\u00e2n thi\u1ec7n v\u1edbi ng\u01b0\u1eddi d\u00f9ng<\/span><\/span><\/p><\/div>\n<p style=\"text-align: justify;\"><span style=\"font-weight: 400;\"><span dir=\"auto\" style=\"vertical-align: inherit;\"><span dir=\"auto\" style=\"vertical-align: inherit;\">Tr\u1ea3i nghi\u1ec7m ng\u01b0\u1eddi d\u00f9ng l\u00e0 y\u1ebfu t\u1ed1 \u0111\u01b0\u1ee3c Yokara \u0111\u1eb7t \u1edf v\u1ecb tr\u00ed trung t\u00e2m trong qu\u00e1 tr\u00ecnh ph\u00e1t tri\u1ec3n s\u1ea3n ph\u1ea9m. Giao di\u1ec7n \u0111\u01b0\u1ee3c thi\u1ebft k\u1ebf tr\u1ef1c quan, d\u1ec5 s\u1eed d\u1ee5ng v\u00e0 ph\u00f9 h\u1ee3p v\u1edbi nhi\u1ec1u tu\u1ed5i.<\/span><\/span><\/span><\/p>\n<p style=\"text-align: justify;\"><span style=\"font-weight: 400;\"><span dir=\"auto\" style=\"vertical-align: inherit;\"><span dir=\"auto\" style=\"vertical-align: inherit;\">Trong qu\u00e1 tr\u00ecnh s\u1eed d\u1ee5ng, ng\u01b0\u1eddi d\u00f9ng c\u00f3 th\u1ec3:<\/span><\/span><\/span><\/p>\n<ul style=\"text-align: justify;\">\n<li style=\"font-weight: 400;\" aria-level=\"1\"><span style=\"font-weight: 400;\"><span dir=\"auto\" style=\"vertical-align: inherit;\"><span dir=\"auto\" style=\"vertical-align: inherit;\">D\u1ec5 d\u00e0ng t\u00ecm ki\u1ebfm v\u00e0 l\u1ef1a ch\u1ecdn b\u00e0i h\u00e1t ph\u00f9 h\u1ee3p<\/span><\/span><\/span><\/li>\n<li style=\"font-weight: 400;\" aria-level=\"1\"><span style=\"font-weight: 400;\"><span dir=\"auto\" style=\"vertical-align: inherit;\"><span dir=\"auto\" style=\"vertical-align: inherit;\">Th\u1ef1c hi\u1ec7n thao t\u00e1c h\u00e1t v\u00e0 ghi \u00e2m ch\u1ec9 v\u1edbi m\u1ed9t s\u1ed1 b\u01b0\u1edbc \u0111\u01a1n gi\u1ea3n<\/span><\/span><\/span><\/li>\n<li style=\"font-weight: 400;\" aria-level=\"1\"><span style=\"font-weight: 400;\"><span dir=\"auto\" style=\"vertical-align: inherit;\"><span dir=\"auto\" style=\"vertical-align: inherit;\">Theo d\u00f5i v\u00e0 qu\u1ea3n l\u00fd n\u1ed9i dung c\u00e1 nh\u00e2n thu\u1eadn ti\u1ec7n<\/span><\/span><\/span><\/li>\n<li style=\"font-weight: 400;\" aria-level=\"1\"><span style=\"font-weight: 400;\"><span dir=\"auto\" style=\"vertical-align: inherit;\"><span dir=\"auto\" style=\"vertical-align: inherit;\">Nh\u1eadn bi\u1ebft \u0111\u01b0\u1eddng n\u1ed1i gi\u1eefa c\u00e1c t\u00ednh n\u0103ng trong c\u00f9ng h\u1ec7 sinh th\u00e1i<\/span><\/span><\/span><\/li>\n<\/ul>\n<p style=\"text-align: justify;\"><span style=\"font-weight: 400;\"><span dir=\"auto\" style=\"vertical-align: inherit;\"><span dir=\"auto\" style=\"vertical-align: inherit;\">Yokara ch\u00fa \u00fd \u0111\u1ebfn h\u1ec7 th\u1ed1ng hi\u1ec7u qu\u1ea3 t\u1ed1i \u01b0u nh\u1eb1m gi\u1ea3m thi\u1ec3u gi\u00e1n \u0111o\u1ea1n, \u0111\u1ed3ng th\u1eddi li\u00ean t\u1ee5c c\u1ea3i ti\u1ebfn d\u1ef1a tr\u00ean ph\u1ea3n h\u1ed3i th\u1ef1c t\u1ebf t\u1eeb ng\u01b0\u1eddi d\u00f9ng.<\/span><\/span><\/span><\/p>\n<h2 style=\"text-align: justify;\"><b><span dir=\"auto\" style=\"vertical-align: inherit;\"><span dir=\"auto\" style=\"vertical-align: inherit;\">5. Cam k\u1ebft c\u1ee7a Yokara<\/span><\/span><\/b><\/h2>\n<p style=\"text-align: justify;\"><span style=\"font-weight: 400;\"><span dir=\"auto\" style=\"vertical-align: inherit;\"><span dir=\"auto\" style=\"vertical-align: inherit;\">Yokara cam x\u00e2y d\u1ef1ng n\u1ec1n t\u1ea3ng karaoke tr\u1ef1c tuy\u1ebfn d\u1ef1a tr\u00ean s\u1ef1 minh b\u1ea1ch, an to\u00e0n v\u00e0 t\u00f4n tr\u1ecdng c\u1ee7a ng\u01b0\u1eddi d\u00f9ng. Cam n\u00e0y c\u00f3 th\u1ec3 \u0111\u01b0\u1ee3c th\u1ef1c hi\u1ec7n xuy\u00ean su\u1ed1t trong ch\u00ednh s\u00e1ch v\u1eadn h\u00e0nh v\u00e0 ph\u00e1t tri\u1ec3n th\u1eddi h\u1ea1n theo \u0111\u1ecbnh h\u01b0\u1edbng.<\/span><\/span><\/span><\/p>\n<p style=\"text-align: justify;\"><span style=\"font-weight: 400;\"><span dir=\"auto\" style=\"vertical-align: inherit;\"><span dir=\"auto\" style=\"vertical-align: inherit;\">C\u00e1c cam k\u1ebft ch\u00ednh bao g\u1ed3m:<\/span><\/span><\/span><\/p>\n<ul style=\"text-align: justify;\">\n<li style=\"font-weight: 400;\" aria-level=\"1\"><span style=\"font-weight: 400;\"><span dir=\"auto\" style=\"vertical-align: inherit;\"><span dir=\"auto\" style=\"vertical-align: inherit;\">B\u1ea3o v\u1ec7 th\u00f4ng tin c\u00e1 nh\u00e2n theo ch\u00ednh s\u00e1ch b\u1ea3o m\u1eadt<\/span><\/span><\/span><\/li>\n<li style=\"font-weight: 400;\" aria-level=\"1\"><span style=\"font-weight: 400;\"><span dir=\"auto\" style=\"vertical-align: inherit;\"><span dir=\"auto\" style=\"vertical-align: inherit;\">Tu\u00e2n th\u1ee7 quy \u0111\u1ecbnh lu\u1eadt li\u00ean quan \u0111\u1ebfn b\u1ea3n quy\u1ec1n v\u00e0 n\u1ed9i dung<\/span><\/span><\/span><\/li>\n<li style=\"font-weight: 400;\" aria-level=\"1\"><span style=\"font-weight: 400;\"><span dir=\"auto\" style=\"vertical-align: inherit;\"><span dir=\"auto\" style=\"vertical-align: inherit;\">Duy tr\u00ec m\u00f4i tr\u01b0\u1eddng s\u1eed d\u1ee5ng v\u0103n b\u1ea3n, vi ph\u1ea1m ch\u1ebf \u0111\u1ed9 h\u1ea1n ch\u1ebf<\/span><\/span><\/span><\/li>\n<li style=\"font-weight: 400;\" aria-level=\"1\"><span style=\"font-weight: 400;\"><span dir=\"auto\" style=\"vertical-align: inherit;\"><span dir=\"auto\" style=\"vertical-align: inherit;\">Kh\u00f4ng ng\u1eebng n\u00e2ng cao ch\u1ea5t l\u01b0\u1ee3ng d\u1ecbch v\u1ee5 v\u00e0 tr\u1ea3i nghi\u1ec7m<\/span><\/span><\/span><\/li>\n<\/ul>\n<p style=\"text-align: justify;\"><span dir=\"auto\" style=\"vertical-align: inherit;\"><span dir=\"auto\" style=\"vertical-align: inherit;\">Cam k\u1ebft l\u00e0 n\u1ec1n t\u1ea3ng \u0111\u1ec3 Yokara x\u00e2y d\u1ef1ng ni\u1ec1m tin v\u00e0 b\u00f3 hoa l\u00e2u d\u00e0i cho ng\u01b0\u1eddi d\u00f9ng.<\/span><\/span><\/p>\n<h2 style=\"text-align: justify;\"><b><span dir=\"auto\" style=\"vertical-align: inherit;\"><span dir=\"auto\" style=\"vertical-align: inherit;\">Li\u00ean h\u1ec7 v\u1edbi ch\u00fang t\u00f4i<\/span><\/span><\/b><\/h2>\n<p style=\"text-align: justify;\"><span style=\"font-weight: 400;\"><span dir=\"auto\" style=\"vertical-align: inherit;\"><span dir=\"auto\" style=\"vertical-align: inherit;\">Yokara lu\u00f4n s\u1eb5n s\u00e0ng nh\u1eadn \u00fd ki\u1ebfn \u200b\u200b\u0111\u00f3ng g\u00f3p, ph\u1ea3n h\u1ed3i v\u00e0 y\u00eau c\u1ea7u h\u1ed7 tr\u1ee3 t\u1eeb ng\u01b0\u1eddi d\u00f9ng. Vi\u1ec7c li\u00ean k\u1ebft h\u1ec7 th\u1ed1ng th\u00f4ng qua c\u00e1c k\u00eanh ch\u00ednh th\u1ee9c \u0111\u01b0\u1ee3c c\u00f4ng b\u1ed1 tr\u00ean n\u1ec1n t\u1ea3ng.<\/span><\/span><\/span><\/p>\n<p style=\"text-align: justify;\"><span style=\"font-weight: 400;\"><span dir=\"auto\" style=\"vertical-align: inherit;\"><span dir=\"auto\" style=\"vertical-align: inherit;\">M\u1ecdi th\u00f4ng tin li\u00ean h\u1ec7 \u0111\u1ec1u \u0111\u01b0\u1ee3c x\u1eed l\u00fd theo quy tr\u00ecnh r\u00f5 r\u00e0ng b\u1eafn \u0111\u1ea3m b\u1ea3o ph\u1ea3n h\u1ed3i k\u1ecbp th\u1eddi v\u00e0 minh b\u1ea1ch. Yokara coi s\u1ef1 \u0111\u1ed3ng h\u00e0nh c\u1ee7a ng\u01b0\u1eddi d\u00f9ng l\u00e0 \u0111\u1ed9ng l\u1ef1c quan tr\u1ecdng \u0111\u1ec3 ho\u00e0n thi\u1ec7n v\u00e0 ph\u00e1t tri\u1ec3n d\u1ecbch v\u1ee5.<\/span><\/span><\/span><\/p>\n<p style=\"text-align: justify;\"><b>\ud83d\udccd<span dir=\"auto\" style=\"vertical-align: inherit;\"><span dir=\"auto\" style=\"vertical-align: inherit;\">\u0110\u1ecba ch\u1ec9: 77 V\u00f5 Nguy\u00ean Gi\u00e1p, B\u1ea3o Ninh, \u0110\u1ed3ng H\u1edbi, Qu\u1ea3ng B\u00ecnh <\/span><\/span><\/b><span dir=\"auto\" style=\"vertical-align: inherit;\"><span style=\"font-weight: 400;\"><span dir=\"auto\" style=\"vertical-align: inherit;\">\u0110\u01b0\u1eddng d\u00e2y n\u00f3ng: <\/span><\/span><b><span dir=\"auto\" style=\"vertical-align: inherit;\">0888268286 <\/span><\/b><span style=\"font-weight: 400;\"><span dir=\"auto\" style=\"vertical-align: inherit;\">Facebook: <\/span><\/span><a href=\"https:\/\/www.facebook.com\/yokaravn\" target=\"_blank\" rel=\"noopener\"><span style=\"font-weight: 400;\"><span dir=\"auto\" style=\"vertical-align: inherit;\">https:\/\/www.facebook.com\/yokaravn<\/span><\/span><\/a><span style=\"font-weight: 400;\"><span dir=\"auto\" style=\"vertical-align: inherit;\"> Email h\u1ed7 tr\u1ee3: support@yokara.com <\/span><\/span><span style=\"font-weight: 400;\"><span dir=\"auto\" style=\"vertical-align: inherit;\">Website: <\/span><\/span><a href=\"https:\/\/www.yokara.com\"><span style=\"font-weight: 400;\"><span dir=\"auto\" style=\"vertical-align: inherit;\">https:\/\/www.yokara.com<\/span><\/span><\/a><\/span><b><br \/>\n<\/b><span style=\"font-weight: 400;\">\ud83d\udcde<\/span><b><\/b><span style=\"font-weight: 400;\"><br \/>\n<\/span><span style=\"font-weight: 400;\">\u2728<\/span><a href=\"https:\/\/www.facebook.com\/yokaravn\" target=\"_blank\" rel=\"noopener\"> <span style=\"font-weight: 400;\"><br \/>\n<\/span><\/a><span style=\"font-weight: 400;\">\u2709\ufe0f<\/span><span style=\"font-weight: 400;\"><br \/>\n<\/span><span style=\"font-weight: 400;\">\ud83c\udf10<\/span><\/p>\n","protected":false},"excerpt":{"rendered":"<p>\u00c2m nh\u1ea1c \u0111ang d\u1ea7n tr\u1edf th\u00e0nh c\u1ea7u n\u1ed1i c\u1ea3m x\u00fac trong k\u1ef7 nguy\u00ean s\u1ed1. V\u1edbi n\u1ec1n t\u1ea3ng x\u00e2y d\u1ef1ng karaoke tr\u1ef1c tuy\u1ebfn hi\u1ec7n \u0111\u1ea1i \u0111\u01b0\u1ee3c h\u01b0\u1edbng d\u1eabn s\u1eed d\u1ee5ng, Yokara mang \u0111\u1ebfn kh\u00f4ng gi\u1ea3i ph\u00e1p k\u1ebft h\u1ee3p c\u00f4ng ngh\u1ec7, c\u1ed9ng \u0111\u1ed3ng v\u00e0 tr\u1ea3i nghi\u1ec7m c\u00e1 nh\u00e2n h\u00f3a. B\u00e0i vi\u1ebft gi\u1edbi thi\u1ec7u t\u1ed5ng quan v\u1ec1 Yokara, [&hellip;]<\/p>\n","protected":false},"author":1,"featured_media":4182,"parent":0,"menu_order":0,"comment_status":"closed","ping_status":"closed","template":"","meta":{"footnotes":""},"class_list":["post-4173","page","type-page","status-publish","has-post-thumbnail","hentry"],"_links":{"self":[{"href":"https:\/\/www.yokara.com\/news\/wp-json\/wp\/v2\/pages\/4173","targetHints":{"allow":["GET"]}}],"collection":[{"href":"https:\/\/www.yokara.com\/news\/wp-json\/wp\/v2\/pages"}],"about":[{"href":"https:\/\/www.yokara.com\/news\/wp-json\/wp\/v2\/types\/page"}],"author":[{"embeddable":true,"href":"https:\/\/www.yokara.com\/news\/wp-json\/wp\/v2\/users\/1"}],"replies":[{"embeddable":true,"href":"https:\/\/www.yokara.com\/news\/wp-json\/wp\/v2\/comments?post=4173"}],"version-history":[{"count":4,"href":"https:\/\/www.yokara.com\/news\/wp-json\/wp\/v2\/pages\/4173\/revisions"}],"predecessor-version":[{"id":4188,"href":"https:\/\/www.yokara.com\/news\/wp-json\/wp\/v2\/pages\/4173\/revisions\/4188"}],"wp:featuredmedia":[{"embeddable":true,"href":"https:\/\/www.yokara.com\/news\/wp-json\/wp\/v2\/media\/4182"}],"wp:attachment":[{"href":"https:\/\/www.yokara.com\/news\/wp-json\/wp\/v2\/media?parent=4173"}],"curies":[{"name":"wp","href":"https:\/\/api.w.org\/{rel}","templated":true}]}}