{"id":4165,"date":"2026-01-05T16:23:43","date_gmt":"2026-01-05T09:23:43","guid":{"rendered":"https:\/\/news-dot-ikara4m.appspot.com\/?page_id=4165"},"modified":"2026-01-05T16:23:43","modified_gmt":"2026-01-05T09:23:43","slug":"quy-dinh-su-dung-loi-bai-hat","status":"publish","type":"page","link":"https:\/\/www.yokara.com\/news\/quy-dinh-su-dung-loi-bai-hat\/","title":{"rendered":"Quy \u0111\u1ecbnh s\u1eed d\u1ee5ng l\u1eddi b\u00e0i h\u00e1t tr\u00ean Yokara"},"content":{"rendered":"<p style=\"text-align: justify;\"><span style=\"font-weight: 400;\">Trong k\u1ef7 nguy\u00ean s\u1ed1, l\u1eddi b\u00e0i h\u00e1t kh\u00f4ng ch\u1ec9 l\u00e0 c\u1ea3m x\u00fac m\u00e0 c\u00f2n l\u00e0 t\u00e0i s\u1ea3n tr\u00ed tu\u1ec7 c\u00f3 gi\u00e1 tr\u1ecb ph\u00e1p l\u00fd cao. Vi\u1ec7c hi\u1ec3u \u0111\u00fang <\/span><b>quy \u0111\u1ecbnh s\u1eed d\u1ee5ng l\u1eddi b\u00e0i h\u00e1t<\/b><span style=\"font-weight: 400;\"> gi\u00fap ng\u01b0\u1eddi d\u00f9ng tr\u00e1nh r\u1ee7i ro vi ph\u1ea1m b\u1ea3n quy\u1ec1n, \u0111\u1ed3ng th\u1eddi khai th\u00e1c n\u1ed9i dung \u00e2m nh\u1ea1c m\u1ed9t c\u00e1ch v\u0103n minh, minh b\u1ea1ch v\u00e0 b\u1ec1n v\u1eefng tr\u00ean Yokara.<\/span><\/p>\n<h2 style=\"text-align: justify;\"><b>1. Quy \u0111\u1ecbnh s\u1eed d\u1ee5ng l\u1eddi b\u00e0i h\u00e1t l\u00e0 g\u00ec?<\/b><\/h2>\n<p style=\"text-align: justify;\"><span style=\"font-weight: 400;\">Quy \u0111\u1ecbnh s\u1eed d\u1ee5ng l\u1eddi b\u00e0i h\u00e1t l\u00e0 t\u1eadp h\u1ee3p c\u00e1c nguy\u00ean t\u1eafc ph\u00e1p l\u00fd v\u00e0 \u0111i\u1ec1u kho\u1ea3n v\u1eadn h\u00e0nh nh\u1eb1m ki\u1ec3m so\u00e1t c\u00e1ch th\u1ee9c hi\u1ec3n th\u1ecb, sao ch\u00e9p, chia s\u1ebb v\u00e0 khai th\u00e1c l\u1eddi ca kh\u00fac tr\u00ean n\u1ec1n t\u1ea3ng s\u1ed1. C\u00e1c quy \u0111\u1ecbnh n\u00e0y \u0111\u01b0\u1ee3c x\u00e2y d\u1ef1ng d\u1ef1a tr\u00ean lu\u1eadt s\u1edf h\u1eefu tr\u00ed tu\u1ec7, th\u1ecfa thu\u1eadn c\u1ea5p ph\u00e9p v\u00e0 ch\u00ednh s\u00e1ch b\u1ea3o v\u1ec7 quy\u1ec1n t\u00e1c gi\u1ea3.<\/span><\/p>\n<p style=\"text-align: justify;\"><span style=\"font-weight: 400;\">Trong m\u00f4i tr\u01b0\u1eddng tr\u1ef1c tuy\u1ebfn, l\u1eddi b\u00e0i h\u00e1t \u0111\u01b0\u1ee3c xem l\u00e0 m\u1ed9t t\u00e1c ph\u1ea9m v\u0103n h\u1ecdc c\u00f3 b\u1ea3n quy\u1ec1n \u0111\u1ed9c l\u1eadp v\u1edbi ph\u1ea7n giai \u0111i\u1ec7u. Do \u0111\u00f3, vi\u1ec7c s\u1eed d\u1ee5ng l\u1eddi b\u00e0i h\u00e1t kh\u00f4ng \u0111\u00fang ph\u1ea1m vi cho ph\u00e9p c\u00f3 th\u1ec3 ph\u00e1t sinh tr\u00e1ch nhi\u1ec7m ph\u00e1p l\u00fd, k\u1ec3 c\u1ea3 khi kh\u00f4ng mang m\u1ee5c \u0111\u00edch th\u01b0\u01a1ng m\u1ea1i.<\/span><\/p>\n<p style=\"text-align: justify;\"><span style=\"font-weight: 400;\">Yokara \u00e1p d\u1ee5ng quy \u0111\u1ecbnh s\u1eed d\u1ee5ng l\u1eddi b\u00e0i h\u00e1t nh\u1eb1m \u0111\u1ea3m b\u1ea3o quy\u1ec1n l\u1ee3i cho ch\u1ee7 s\u1edf h\u1eefu b\u1ea3n quy\u1ec1n, \u0111\u1ed3ng th\u1eddi duy tr\u00ec m\u00f4i tr\u01b0\u1eddng n\u1ed9i dung minh b\u1ea1ch cho ng\u01b0\u1eddi d\u00f9ng. <\/span><b>Quy \u0111\u1ecbnh n\u00e0y kh\u00f4ng nh\u1eb1m h\u1ea1n ch\u1ebf tr\u1ea3i nghi\u1ec7m<\/b><span style=\"font-weight: 400;\">, m\u00e0 gi\u00fap vi\u1ec7c s\u1eed d\u1ee5ng n\u1ed9i dung \u00e2m nh\u1ea1c di\u1ec5n ra \u0111\u00fang lu\u1eadt v\u00e0 b\u1ec1n v\u1eefng.<\/span><\/p>\n<h2 style=\"text-align: justify;\"><b>2. Quy\u1ec1n s\u1edf h\u1eefu l\u1eddi b\u00e0i h\u00e1t<\/b><\/h2>\n<p style=\"text-align: justify;\"><span style=\"font-weight: 400;\">Quy\u1ec1n s\u1edf h\u1eefu l\u1eddi b\u00e0i h\u00e1t thu\u1ed9c v\u1ec1 t\u00e1c gi\u1ea3 ho\u1eb7c t\u1ed5 ch\u1ee9c n\u1eafm gi\u1eef b\u1ea3n quy\u1ec1n theo h\u1ee3p \u0111\u1ed3ng \u1ee7y quy\u1ec1n h\u1ee3p ph\u00e1p. Trong nhi\u1ec1u tr\u01b0\u1eddng h\u1ee3p, quy\u1ec1n n\u00e0y \u0111\u01b0\u1ee3c qu\u1ea3n l\u00fd b\u1edfi \u0111\u01a1n v\u1ecb ph\u00e1t h\u00e0nh, hi\u1ec7p h\u1ed9i b\u1ea3o v\u1ec7 quy\u1ec1n t\u00e1c gi\u1ea3 ho\u1eb7c nh\u00e0 xu\u1ea5t b\u1ea3n \u00e2m nh\u1ea1c.<\/span><\/p>\n<p style=\"text-align: justify;\"><span style=\"font-weight: 400;\">Theo ph\u00e1p lu\u1eadt s\u1edf h\u1eefu tr\u00ed tu\u1ec7, ch\u1ee7 s\u1edf h\u1eefu l\u1eddi b\u00e0i h\u00e1t c\u00f3 to\u00e0n quy\u1ec1n cho ph\u00e9p ho\u1eb7c t\u1eeb ch\u1ed1i vi\u1ec7c sao ch\u00e9p, ph\u00e2n ph\u1ed1i, hi\u1ec3n th\u1ecb c\u00f4ng khai ho\u1eb7c t\u1ea1o t\u00e1c ph\u1ea9m ph\u00e1i sinh. M\u1ecdi h\u00ecnh th\u1ee9c s\u1eed d\u1ee5ng ngo\u00e0i ph\u1ea1m vi cho ph\u00e9p \u0111\u1ec1u b\u1ecb xem l\u00e0 x\u00e2m ph\u1ea1m quy\u1ec1n t\u00e1c gi\u1ea3.<\/span><\/p>\n<p style=\"text-align: justify;\"><span style=\"font-weight: 400;\">Yokara kh\u00f4ng tuy\u00ean b\u1ed1 quy\u1ec1n s\u1edf h\u1eefu \u0111\u1ed1i v\u1edbi l\u1eddi b\u00e0i h\u00e1t c\u1ee7a b\u00ean th\u1ee9 ba. N\u1ec1n t\u1ea3ng ch\u1ec9 \u0111\u00f3ng vai tr\u00f2 cung c\u1ea5p m\u00f4i tr\u01b0\u1eddng hi\u1ec3n th\u1ecb n\u1ed9i dung theo c\u00e1c th\u1ecfa thu\u1eadn h\u1ee3p ph\u00e1p \u0111\u00e3 k\u00fd k\u1ebft. <\/span><b>Quy\u1ec1n t\u00e1c gi\u1ea3 lu\u00f4n \u0111\u01b0\u1ee3c t\u00f4n tr\u1ecdng v\u00e0 \u0111\u1eb7t \u1edf v\u1ecb tr\u00ed trung t\u00e2m<\/b><span style=\"font-weight: 400;\"> trong m\u1ecdi ch\u00ednh s\u00e1ch v\u1eadn h\u00e0nh.<\/span><\/p>\n<h2 style=\"text-align: justify;\"><b>3. Ph\u1ea1m vi \u00e1p d\u1ee5ng c\u1ee7a quy \u0111\u1ecbnh<\/b><\/h2>\n<p style=\"text-align: justify;\"><span style=\"font-weight: 400;\">Quy \u0111\u1ecbnh s\u1eed d\u1ee5ng l\u1eddi b\u00e0i h\u00e1t \u00e1p d\u1ee5ng \u0111\u1ed1i v\u1edbi t\u1ea5t c\u1ea3 n\u1ed9i dung l\u1eddi b\u00e0i h\u00e1t xu\u1ea5t hi\u1ec7n tr\u00ean Yokara, bao g\u1ed3m:<\/span><\/p>\n<ul style=\"text-align: justify;\">\n<li style=\"font-weight: 400;\" aria-level=\"1\"><span style=\"font-weight: 400;\">L\u1eddi b\u00e0i h\u00e1t hi\u1ec3n th\u1ecb khi ph\u00e1t nh\u1ea1c<\/span><\/li>\n<li style=\"font-weight: 400;\" aria-level=\"1\"><span style=\"font-weight: 400;\">L\u1eddi b\u00e0i h\u00e1t g\u1eafn v\u1edbi Playlist<\/span><\/li>\n<li style=\"font-weight: 400;\" aria-level=\"1\"><span style=\"font-weight: 400;\">L\u1eddi b\u00e0i h\u00e1t do ng\u01b0\u1eddi d\u00f9ng \u0111\u00f3ng g\u00f3p ho\u1eb7c \u0111\u1ec1 xu\u1ea5t<\/span><\/li>\n<\/ul>\n<p style=\"text-align: justify;\"><span style=\"font-weight: 400;\">Quy \u0111\u1ecbnh n\u00e0y c\u0169ng \u00e1p d\u1ee5ng cho m\u1ecdi h\u00ecnh th\u1ee9c s\u1eed d\u1ee5ng, t\u1eeb xem tr\u1ef1c ti\u1ebfp, l\u01b0u t\u1ea1m th\u1eddi cho \u0111\u1ebfn chia s\u1ebb trong ph\u1ea1m vi t\u00ednh n\u0103ng cho ph\u00e9p. B\u1ea5t k\u1ef3 h\u00e0nh vi n\u00e0o v\u01b0\u1ee3t ra ngo\u00e0i ph\u1ea1m vi quy \u0111\u1ecbnh \u0111\u1ec1u c\u00f3 th\u1ec3 b\u1ecb xem l\u00e0 vi ph\u1ea1m.<\/span><\/p>\n<h2 style=\"text-align: justify;\"><b>4. Gi\u1ea5y ph\u00e9p v\u00e0 b\u1ea3n quy\u1ec1n l\u1eddi b\u00e0i h\u00e1t<\/b><\/h2>\n<p style=\"text-align: justify;\"><span style=\"font-weight: 400;\">Vi\u1ec7c hi\u1ec3n th\u1ecb l\u1eddi b\u00e0i h\u00e1t tr\u00ean n\u1ec1n t\u1ea3ng s\u1ed1 ch\u1ec9 \u0111\u01b0\u1ee3c ph\u00e9p khi c\u00f3 gi\u1ea5y ph\u00e9p h\u1ee3p l\u1ec7 t\u1eeb ch\u1ee7 s\u1edf h\u1eefu b\u1ea3n quy\u1ec1n. Gi\u1ea5y ph\u00e9p n\u00e0y x\u00e1c \u0111\u1ecbnh r\u00f5 ph\u1ea1m vi s\u1eed d\u1ee5ng, th\u1eddi h\u1ea1n, l\u00e3nh th\u1ed5 v\u00e0 h\u00ecnh th\u1ee9c khai th\u00e1c n\u1ed9i dung.<\/span><\/p>\n<p style=\"text-align: justify;\"><span style=\"font-weight: 400;\">Yokara ch\u1ec9 hi\u1ec3n th\u1ecb l\u1eddi b\u00e0i h\u00e1t trong ph\u1ea1m vi \u0111\u01b0\u1ee3c c\u1ea5p ph\u00e9p ho\u1eb7c theo quy \u0111\u1ecbnh ph\u00e1p lu\u1eadt cho ph\u00e9p. Trong tr\u01b0\u1eddng h\u1ee3p m\u1ed9t ca kh\u00fac ch\u01b0a \u0111\u01b0\u1ee3c c\u1ea5p ph\u00e9p \u0111\u1ea7y \u0111\u1ee7, n\u1ed9i dung l\u1eddi c\u00f3 th\u1ec3 b\u1ecb gi\u1edbi h\u1ea1n, \u1ea9n m\u1ed9t ph\u1ea7n ho\u1eb7c g\u1ee1 b\u1ecf ho\u00e0n to\u00e0n.<\/span><\/p>\n<p style=\"text-align: justify;\"><b>Gi\u1ea5y ph\u00e9p kh\u00f4ng \u0111\u1ed3ng ngh\u0129a v\u1edbi quy\u1ec1n t\u1ef1 do sao ch\u00e9p<\/b><span style=\"font-weight: 400;\">. Ng\u01b0\u1eddi d\u00f9ng kh\u00f4ng \u0111\u01b0\u1ee3c ph\u00e9p tr\u00edch xu\u1ea5t, l\u01b0u tr\u1eef ho\u1eb7c ph\u00e2n ph\u1ed1i l\u1ea1i l\u1eddi b\u00e0i h\u00e1t d\u01b0\u1edbi b\u1ea5t k\u1ef3 h\u00ecnh th\u1ee9c n\u00e0o ngo\u00e0i ph\u1ea1m vi s\u1eed d\u1ee5ng c\u00e1 nh\u00e2n \u0111\u01b0\u1ee3c cho ph\u00e9p r\u00f5 r\u00e0ng.<\/span><\/p>\n<h2 style=\"text-align: justify;\"><b>5. Quy \u0111\u1ecbnh hi\u1ec3n th\u1ecb l\u1eddi b\u00e0i h\u00e1t tr\u00ean website<\/b><\/h2>\n<p style=\"text-align: justify;\"><span style=\"font-weight: 400;\">L\u1eddi b\u00e0i h\u00e1t tr\u00ean website \u0111\u01b0\u1ee3c hi\u1ec3n th\u1ecb nh\u1eb1m ph\u1ee5c v\u1ee5 m\u1ee5c \u0111\u00edch tra c\u1ee9u, tr\u1ea3i nghi\u1ec7m \u00e2m nh\u1ea1c v\u00e0 h\u1ed7 tr\u1ee3 c\u00e1c t\u00ednh n\u0103ng li\u00ean quan. N\u1ed9i dung n\u00e0y kh\u00f4ng \u0111\u01b0\u1ee3c xem l\u00e0 t\u00e0i nguy\u00ean c\u00f4ng c\u1ed9ng hay mi\u1ec5n ph\u00ed s\u1eed d\u1ee5ng l\u1ea1i.<\/span><\/p>\n<p style=\"text-align: justify;\"><span style=\"font-weight: 400;\">Yokara c\u00f3 quy\u1ec1n \u0111i\u1ec1u ch\u1ec9nh c\u00e1ch hi\u1ec3n th\u1ecb l\u1eddi b\u00e0i h\u00e1t, bao g\u1ed3m \u0111\u1ecbnh d\u1ea1ng, s\u1ed1 d\u00f2ng, th\u1eddi \u0111i\u1ec3m xu\u1ea5t hi\u1ec7n ho\u1eb7c kh\u1ea3 n\u0103ng t\u01b0\u01a1ng t\u00e1c, nh\u1eb1m ph\u00f9 h\u1ee3p v\u1edbi y\u00eau c\u1ea7u b\u1ea3n quy\u1ec1n v\u00e0 tr\u1ea3i nghi\u1ec7m ng\u01b0\u1eddi d\u00f9ng.<\/span><\/p>\n<p style=\"text-align: justify;\"><span style=\"font-weight: 400;\">Trong m\u1ed9t s\u1ed1 tr\u01b0\u1eddng h\u1ee3p, l\u1eddi b\u00e0i h\u00e1t c\u00f3 th\u1ec3 \u0111i k\u00e8m th\u00f4ng tin v\u1ec1 t\u00e1c gi\u1ea3, \u0111\u01a1n v\u1ecb n\u1eafm gi\u1eef quy\u1ec1n v\u00e0 ghi ch\u00fa ph\u00e1p l\u00fd. <\/span><b>Vi\u1ec7c gi\u1eef nguy\u00ean c\u00e1c th\u00f4ng tin n\u00e0y l\u00e0 b\u1eaft bu\u1ed9c<\/b><span style=\"font-weight: 400;\">, kh\u00f4ng \u0111\u01b0\u1ee3c x\u00f3a ho\u1eb7c ch\u1ec9nh s\u1eeda d\u01b0\u1edbi b\u1ea5t k\u1ef3 h\u00ecnh th\u1ee9c n\u00e0o.<\/span><\/p>\n<h2 style=\"text-align: justify;\"><b>6. H\u1ea1n ch\u1ebf h\u00e0nh vi vi ph\u1ea1m<\/b><\/h2>\n<p style=\"text-align: justify;\"><span style=\"font-weight: 400;\">\u0110\u1ec3 b\u1ea3o v\u1ec7 h\u1ec7 th\u1ed1ng v\u00e0 quy\u1ec1n l\u1ee3i li\u00ean quan, Yokara nghi\u00eam c\u1ea5m c\u00e1c h\u00e0nh vi sau:<\/span><\/p>\n<ul style=\"text-align: justify;\">\n<li style=\"font-weight: 400;\" aria-level=\"1\"><span style=\"font-weight: 400;\">Sao ch\u00e9p to\u00e0n b\u1ed9 ho\u1eb7c m\u1ed9t ph\u1ea7n l\u1eddi b\u00e0i h\u00e1t \u0111\u1ec3 s\u1eed d\u1ee5ng ngo\u00e0i ph\u1ea1m vi cho ph\u00e9p<\/span><\/li>\n<li style=\"font-weight: 400;\" aria-level=\"1\"><span style=\"font-weight: 400;\">\u0110\u0103ng t\u1ea3i, ph\u00e2n ph\u1ed1i l\u1ea1i l\u1eddi b\u00e0i h\u00e1t tr\u00ean n\u1ec1n t\u1ea3ng kh\u00e1c khi ch\u01b0a \u0111\u01b0\u1ee3c c\u1ea5p ph\u00e9p<\/span><\/li>\n<li style=\"font-weight: 400;\" aria-level=\"1\"><span style=\"font-weight: 400;\">S\u1eed d\u1ee5ng l\u1eddi b\u00e0i h\u00e1t cho m\u1ee5c \u0111\u00edch th\u01b0\u01a1ng m\u1ea1i tr\u00e1i ph\u00e9p<\/span><\/li>\n<li style=\"font-weight: 400;\" aria-level=\"1\"><span style=\"font-weight: 400;\">G\u1eafn l\u1eddi b\u00e0i h\u00e1t v\u1edbi n\u1ed9i dung g\u00e2y hi\u1ec3u nh\u1ea7m v\u1ec1 quy\u1ec1n s\u1edf h\u1eefu<\/span><\/li>\n<\/ul>\n<p style=\"text-align: justify;\"><span style=\"font-weight: 400;\">Khi ph\u00e1t hi\u1ec7n vi ph\u1ea1m, Yokara c\u00f3 quy\u1ec1n h\u1ea1n ch\u1ebf quy\u1ec1n truy c\u1eadp, g\u1ee1 b\u1ecf n\u1ed9i dung li\u00ean quan ho\u1eb7c \u00e1p d\u1ee5ng c\u00e1c bi\u1ec7n ph\u00e1p c\u1ea7n thi\u1ebft kh\u00e1c theo quy \u0111\u1ecbnh.<\/span><\/p>\n<h2 style=\"text-align: justify;\"><b>7. S\u1eed d\u1ee5ng l\u1eddi b\u00e0i h\u00e1t trong t\u00ednh n\u0103ng th\u00eam v\u00e0o Playlist<\/b><\/h2>\n<p style=\"text-align: justify;\"><span style=\"font-weight: 400;\">T\u00ednh n\u0103ng th\u00eam l\u1eddi b\u00e0i h\u00e1t v\u00e0o Playlist \u0111\u01b0\u1ee3c thi\u1ebft k\u1ebf \u0111\u1ec3 ph\u1ee5c v\u1ee5 tr\u1ea3i nghi\u1ec7m c\u00e1 nh\u00e2n, kh\u00f4ng nh\u1eb1m m\u1ee5c \u0111\u00edch l\u01b0u tr\u1eef hay ph\u00e2n ph\u1ed1i n\u1ed9i dung. Vi\u1ec7c th\u00eam v\u00e0o Playlist kh\u00f4ng l\u00e0m ph\u00e1t sinh quy\u1ec1n s\u1edf h\u1eefu m\u1edbi \u0111\u1ed1i v\u1edbi l\u1eddi b\u00e0i h\u00e1t.<\/span><\/p>\n<p style=\"text-align: justify;\"><span style=\"font-weight: 400;\">Ng\u01b0\u1eddi d\u00f9ng ch\u1ec9 \u0111\u01b0\u1ee3c s\u1eed d\u1ee5ng Playlist trong ph\u1ea1m vi t\u00e0i kho\u1ea3n c\u00e1 nh\u00e2n. M\u1ecdi h\u00e0nh vi chia s\u1ebb Playlist c\u00f4ng khai n\u1ebfu c\u00f3 ch\u1ee9a l\u1eddi b\u00e0i h\u00e1t s\u1ebd tu\u00e2n theo gi\u1edbi h\u1ea1n hi\u1ec3n th\u1ecb do Yokara thi\u1ebft l\u1eadp.<\/span><\/p>\n<p style=\"text-align: justify;\"><span style=\"font-weight: 400;\">Trong tr\u01b0\u1eddng h\u1ee3p gi\u1ea5y ph\u00e9p b\u1ea3n quy\u1ec1n thay \u0111\u1ed5i, n\u1ed9i dung l\u1eddi b\u00e0i h\u00e1t trong Playlist c\u00f3 th\u1ec3 b\u1ecb \u1ea9n ho\u1eb7c x\u00f3a m\u00e0 kh\u00f4ng c\u1ea7n th\u00f4ng b\u00e1o tr\u01b0\u1edbc. \u0110\u00e2y l\u00e0 y\u00eau c\u1ea7u b\u1eaft bu\u1ed9c \u0111\u1ec3 \u0111\u1ea3m b\u1ea3o tu\u00e2n th\u1ee7 ph\u00e1p lu\u1eadt.<\/span><\/p>\n<h2 style=\"text-align: justify;\"><b>8. Tr\u00e1ch nhi\u1ec7m c\u1ee7a ng\u01b0\u1eddi d\u00f9ng khi s\u1eed d\u1ee5ng l\u1eddi b\u00e0i h\u00e1t<\/b><\/h2>\n<p style=\"text-align: justify;\"><span style=\"font-weight: 400;\">Ng\u01b0\u1eddi d\u00f9ng c\u00f3 tr\u00e1ch nhi\u1ec7m tu\u00e2n th\u1ee7 \u0111\u1ea7y \u0111\u1ee7 quy \u0111\u1ecbnh s\u1eed d\u1ee5ng l\u1eddi b\u00e0i h\u00e1t trong su\u1ed1t qu\u00e1 tr\u00ecnh s\u1eed d\u1ee5ng d\u1ecbch v\u1ee5. Vi\u1ec7c hi\u1ec3u r\u00f5 gi\u1edbi h\u1ea1n s\u1eed d\u1ee5ng gi\u00fap h\u1ea1n ch\u1ebf r\u1ee7i ro ph\u00e1p l\u00fd v\u00e0 \u0111\u1ea3m b\u1ea3o tr\u1ea3i nghi\u1ec7m b\u1ec1n v\u1eefng.<\/span><\/p>\n<p style=\"text-align: justify;\"><span style=\"font-weight: 400;\">Trong tr\u01b0\u1eddng h\u1ee3p ph\u00e1t hi\u1ec7n l\u1ed7i hi\u1ec3n th\u1ecb, sai th\u00f4ng tin b\u1ea3n quy\u1ec1n ho\u1eb7c n\u1ed9i dung ch\u01b0a ph\u00f9 h\u1ee3p, ng\u01b0\u1eddi d\u00f9ng \u0111\u01b0\u1ee3c khuy\u1ebfn kh\u00edch th\u00f4ng b\u00e1o \u0111\u1ec3 Yokara k\u1ecbp th\u1eddi x\u1eed l\u00fd.<\/span><\/p>\n<h2 style=\"text-align: justify;\"><b>9. Gi\u1ea3i quy\u1ebft tranh ch\u1ea5p v\u00e0 khi\u1ebfu n\u1ea1i<\/b><\/h2>\n<p style=\"text-align: justify;\"><span style=\"font-weight: 400;\">Yokara ti\u1ebfp nh\u1eadn v\u00e0 x\u1eed l\u00fd c\u00e1c khi\u1ebfu n\u1ea1i li\u00ean quan \u0111\u1ebfn b\u1ea3n quy\u1ec1n l\u1eddi b\u00e0i h\u00e1t theo quy tr\u00ecnh minh b\u1ea1ch v\u00e0 \u0111\u00fang ph\u00e1p lu\u1eadt. Ch\u1ee7 s\u1edf h\u1eefu quy\u1ec1n c\u00f3 th\u1ec3 g\u1eedi y\u00eau c\u1ea7u x\u00e1c minh k\u00e8m t\u00e0i li\u1ec7u ch\u1ee9ng minh quy\u1ec1n s\u1edf h\u1eefu h\u1ee3p l\u1ec7.<\/span><\/p>\n<p style=\"text-align: justify;\"><span style=\"font-weight: 400;\">Sau khi ti\u1ebfp nh\u1eadn, n\u1ec1n t\u1ea3ng s\u1ebd ti\u1ebfn h\u00e0nh r\u00e0 so\u00e1t v\u00e0 \u00e1p d\u1ee5ng bi\u1ec7n ph\u00e1p c\u1ea7n thi\u1ebft, bao g\u1ed3m t\u1ea1m \u1ea9n n\u1ed9i dung, g\u1ee1 b\u1ecf ho\u1eb7c kh\u00f4i ph\u1ee5c n\u1ebfu khi\u1ebfu n\u1ea1i kh\u00f4ng c\u00f3 c\u01a1 s\u1edf. Th\u1eddi gian x\u1eed l\u00fd ph\u1ee5 thu\u1ed9c v\u00e0o m\u1ee9c \u0111\u1ed9 ph\u1ee9c t\u1ea1p c\u1ee7a t\u1eebng tr\u01b0\u1eddng h\u1ee3p.<\/span><\/p>\n<p style=\"text-align: justify;\"><span style=\"font-weight: 400;\">M\u1ecdi tranh ch\u1ea5p \u0111\u01b0\u1ee3c gi\u1ea3i quy\u1ebft tr\u00ean nguy\u00ean t\u1eafc t\u00f4n tr\u1ecdng quy\u1ec1n t\u00e1c gi\u1ea3, \u0111\u1ed3ng th\u1eddi b\u1ea3o v\u1ec7 l\u1ee3i \u00edch h\u1ee3p ph\u00e1p c\u1ee7a c\u00e1c b\u00ean li\u00ean quan.<\/span><\/p>\n<h2 style=\"text-align: justify;\"><b>10. C\u1eadp nh\u1eadt v\u00e0 \u0111i\u1ec1u ch\u1ec9nh quy \u0111\u1ecbnh<\/b><\/h2>\n<p style=\"text-align: justify;\"><span style=\"font-weight: 400;\">Quy \u0111\u1ecbnh s\u1eed d\u1ee5ng l\u1eddi b\u00e0i h\u00e1t c\u00f3 th\u1ec3 \u0111\u01b0\u1ee3c c\u1eadp nh\u1eadt \u0111\u1ec3 ph\u1ea3n \u00e1nh thay \u0111\u1ed5i trong ph\u00e1p lu\u1eadt, m\u00f4 h\u00ecnh c\u1ea5p ph\u00e9p ho\u1eb7c \u0111\u1ecbnh h\u01b0\u1edbng ph\u00e1t tri\u1ec3n d\u1ecbch v\u1ee5. M\u1ed7i phi\u00ean b\u1ea3n c\u1eadp nh\u1eadt \u0111\u1ec1u \u0111\u01b0\u1ee3c c\u00f4ng b\u1ed1 c\u00f4ng khai.<\/span><\/p>\n<p style=\"text-align: justify;\"><span style=\"font-weight: 400;\">Vi\u1ec7c ti\u1ebfp t\u1ee5c s\u1eed d\u1ee5ng d\u1ecbch v\u1ee5 sau khi quy \u0111\u1ecbnh \u0111\u01b0\u1ee3c \u0111i\u1ec1u ch\u1ec9nh \u0111\u1ed3ng ngh\u0129a v\u1edbi vi\u1ec7c ng\u01b0\u1eddi d\u00f9ng ch\u1ea5p thu\u1eadn n\u1ed9i dung c\u1eadp nh\u1eadt.<\/span><\/p>\n<h2 style=\"text-align: justify;\"><b>Li\u00ean h\u1ec7 v\u1edbi ch\u00fang t\u00f4i<\/b><\/h2>\n<p style=\"text-align: justify;\"><span style=\"font-weight: 400;\">N\u1ebfu c\u00f3 th\u1eafc m\u1eafc li\u00ean quan \u0111\u1ebfn quy \u0111\u1ecbnh s\u1eed d\u1ee5ng l\u1eddi b\u00e0i h\u00e1t, ng\u01b0\u1eddi d\u00f9ng c\u00f3 th\u1ec3 li\u00ean h\u1ec7 Yokara th\u00f4ng qua c\u00e1c k\u00eanh h\u1ed7 tr\u1ee3 ch\u00ednh th\u1ee9c. M\u1ecdi ph\u1ea3n h\u1ed3i \u0111\u1ec1u \u0111\u01b0\u1ee3c ti\u1ebfp nh\u1eadn v\u00e0 x\u1eed l\u00fd minh b\u1ea1ch nh\u1eb1m \u0111\u1ea3m b\u1ea3o quy\u1ec1n l\u1ee3i h\u1ee3p ph\u00e1p cho c\u00e1c b\u00ean li\u00ean quan.<\/span><\/p>\n<p style=\"text-align: justify;\"><b>\ud83d\udccd \u0110i\u0323a chi\u0309: 77 V\u00f5 Nguy\u00ean Gi\u00e1p, B\u1ea3o Ninh, \u0110\u1ed3ng H\u1edbi, Qu\u1ea3ng B\u00ecnh<\/b><b><br \/>\n<\/b><span style=\"font-weight: 400;\">\ud83d\udcde Hotline: <\/span><b>0888268286<\/b><span style=\"font-weight: 400;\"><br \/>\n<\/span><span style=\"font-weight: 400;\">\u2728 Facebook:<\/span><a href=\"https:\/\/www.facebook.com\/yokaravn\" target=\"_blank\" rel=\"noopener\"> <span style=\"font-weight: 400;\">https:\/\/www.facebook.com\/yokaravn<\/span><span style=\"font-weight: 400;\"><br \/>\n<\/span><\/a><span style=\"font-weight: 400;\">\u2709\ufe0f Email h\u1ed7 tr\u1ee3: support@yokara.com<\/span><span style=\"font-weight: 400;\"><br \/>\n<\/span><span style=\"font-weight: 400;\">\ud83c\udf10 Website:<\/span><a href=\"https:\/\/www.yokara.com\"> <span style=\"font-weight: 400;\">https:\/\/www.yokara.com<\/span><\/a><\/p>\n<p style=\"text-align: justify;\"><strong>C\u00e2u h\u1ecfi th\u01b0\u1eddng g\u1eb7p \u2013 FAQ<\/strong><\/p>\n<p style=\"text-align: justify;\"><strong>1. T\u00f4i c\u00f3 th\u1ec3 sao ch\u00e9p l\u1eddi b\u00e0i h\u00e1t kh\u00f4ng?<\/strong><\/p>\n<p style=\"text-align: justify;\"><span style=\"font-weight: 400;\">Kh\u00f4ng. Vi\u1ec7c sao ch\u00e9p l\u1eddi b\u00e0i h\u00e1t d\u01b0\u1edbi b\u1ea5t k\u1ef3 h\u00ecnh th\u1ee9c n\u00e0o ngo\u00e0i ph\u1ea1m vi hi\u1ec3n th\u1ecb \u0111\u01b0\u1ee3c cho ph\u00e9p \u0111\u1ec1u b\u1ecb xem l\u00e0 vi ph\u1ea1m quy \u0111\u1ecbnh s\u1eed d\u1ee5ng l\u1eddi b\u00e0i h\u00e1t v\u00e0 c\u00f3 th\u1ec3 d\u1eabn \u0111\u1ebfn tr\u00e1ch nhi\u1ec7m ph\u00e1p l\u00fd.<\/span><\/p>\n<p style=\"text-align: justify;\"><strong>2. L\u00e0m th\u1ebf n\u00e0o \u0111\u1ec3 xin ph\u00e9p s\u1eed d\u1ee5ng l\u1eddi b\u00e0i h\u00e1t?<\/strong><\/p>\n<p style=\"text-align: justify;\"><span style=\"font-weight: 400;\">\u0110\u1ec3 s\u1eed d\u1ee5ng l\u1eddi b\u00e0i h\u00e1t cho m\u1ee5c \u0111\u00edch ri\u00eang, c\u1ea7n li\u00ean h\u1ec7 tr\u1ef1c ti\u1ebfp v\u1edbi ch\u1ee7 s\u1edf h\u1eefu b\u1ea3n quy\u1ec1n ho\u1eb7c \u0111\u01a1n v\u1ecb \u0111\u1ea1i di\u1ec7n h\u1ee3p ph\u00e1p. Yokara kh\u00f4ng c\u00f3 th\u1ea9m quy\u1ec1n c\u1ea5p ph\u00e9p thay cho b\u00ean th\u1ee9 ba.<\/span><\/p>\n<p style=\"text-align: justify;\"><strong>3. T\u00f4i b\u1ecb b\u00e1o vi ph\u1ea1m \u2013 ph\u1ea3i l\u00e0m g\u00ec?<\/strong><\/p>\n<p style=\"text-align: justify;\"><span style=\"font-weight: 400;\">Khi nh\u1eadn \u0111\u01b0\u1ee3c th\u00f4ng b\u00e1o vi ph\u1ea1m, ng\u01b0\u1eddi d\u00f9ng c\u1ea7n r\u00e0 so\u00e1t l\u1ea1i n\u1ed9i dung \u0111\u00e3 s\u1eed d\u1ee5ng v\u00e0 th\u1ef1c hi\u1ec7n \u0111i\u1ec1u ch\u1ec9nh theo h\u01b0\u1edbng d\u1eabn. Trong tr\u01b0\u1eddng h\u1ee3p c\u1ea7n thi\u1ebft, c\u00f3 th\u1ec3 g\u1eedi y\u00eau c\u1ea7u gi\u1ea3i tr\u00ecnh k\u00e8m t\u00e0i li\u1ec7u ch\u1ee9ng minh quy\u1ec1n s\u1eed d\u1ee5ng h\u1ee3p ph\u00e1p.<\/span><\/p>\n","protected":false},"excerpt":{"rendered":"<p>Trong k\u1ef7 nguy\u00ean s\u1ed1, l\u1eddi b\u00e0i h\u00e1t kh\u00f4ng ch\u1ec9 l\u00e0 c\u1ea3m x\u00fac m\u00e0 c\u00f2n l\u00e0 t\u00e0i s\u1ea3n tr\u00ed tu\u1ec7 c\u00f3 gi\u00e1 tr\u1ecb ph\u00e1p l\u00fd cao. Vi\u1ec7c hi\u1ec3u \u0111\u00fang quy \u0111\u1ecbnh s\u1eed d\u1ee5ng l\u1eddi b\u00e0i h\u00e1t gi\u00fap ng\u01b0\u1eddi d\u00f9ng tr\u00e1nh r\u1ee7i ro vi ph\u1ea1m b\u1ea3n quy\u1ec1n, \u0111\u1ed3ng th\u1eddi khai th\u00e1c n\u1ed9i dung \u00e2m nh\u1ea1c m\u1ed9t c\u00e1ch [&hellip;]<\/p>\n","protected":false},"author":1,"featured_media":0,"parent":0,"menu_order":0,"comment_status":"closed","ping_status":"closed","template":"","meta":{"footnotes":""},"class_list":["post-4165","page","type-page","status-publish","hentry"],"_links":{"self":[{"href":"https:\/\/www.yokara.com\/news\/wp-json\/wp\/v2\/pages\/4165","targetHints":{"allow":["GET"]}}],"collection":[{"href":"https:\/\/www.yokara.com\/news\/wp-json\/wp\/v2\/pages"}],"about":[{"href":"https:\/\/www.yokara.com\/news\/wp-json\/wp\/v2\/types\/page"}],"author":[{"embeddable":true,"href":"https:\/\/www.yokara.com\/news\/wp-json\/wp\/v2\/users\/1"}],"replies":[{"embeddable":true,"href":"https:\/\/www.yokara.com\/news\/wp-json\/wp\/v2\/comments?post=4165"}],"version-history":[{"count":2,"href":"https:\/\/www.yokara.com\/news\/wp-json\/wp\/v2\/pages\/4165\/revisions"}],"predecessor-version":[{"id":4168,"href":"https:\/\/www.yokara.com\/news\/wp-json\/wp\/v2\/pages\/4165\/revisions\/4168"}],"wp:attachment":[{"href":"https:\/\/www.yokara.com\/news\/wp-json\/wp\/v2\/media?parent=4165"}],"curies":[{"name":"wp","href":"https:\/\/api.w.org\/{rel}","templated":true}]}}