{"id":4161,"date":"2026-01-05T16:22:12","date_gmt":"2026-01-05T09:22:12","guid":{"rendered":"https:\/\/news-dot-ikara4m.appspot.com\/?page_id=4161"},"modified":"2026-01-05T16:22:12","modified_gmt":"2026-01-05T09:22:12","slug":"dieu-khoan-su-dung-website","status":"publish","type":"page","link":"https:\/\/www.yokara.com\/news\/dieu-khoan-su-dung-website\/","title":{"rendered":"\u0110i\u1ec1u kho\u1ea3n s\u1eed d\u1ee5ng website c\u1ee7a Yokara"},"content":{"rendered":"<p style=\"text-align: justify;\"><span style=\"font-weight: 400;\">H\u01a1n 85% tranh ch\u1ea5p d\u1ecbch v\u1ee5 tr\u1ef1c tuy\u1ebfn xu\u1ea5t ph\u00e1t t\u1eeb vi\u1ec7c ng\u01b0\u1eddi d\u00f9ng kh\u00f4ng \u0111\u1ecdc k\u1ef9 \u0111i\u1ec1u kho\u1ea3n s\u1eed d\u1ee5ng website. \u0110i\u1ec1u kho\u1ea3n s\u1eed d\u1ee5ng website c\u1ee7a Yokara \u0111\u01b0\u1ee3c x\u00e2y d\u1ef1ng nh\u1eb1m l\u00e0m r\u00f5 quy\u1ec1n, ngh\u0129a v\u1ee5 v\u00e0 gi\u1edbi h\u1ea1n tr\u00e1ch nhi\u1ec7m, gi\u00fap ng\u01b0\u1eddi d\u00f9ng s\u1eed d\u1ee5ng d\u1ecbch v\u1ee5 minh b\u1ea1ch, an to\u00e0n v\u00e0 \u0111\u00fang quy \u0111\u1ecbnh ngay t\u1eeb \u0111\u1ea7u.<\/span><\/p>\n<h2 style=\"text-align: justify;\"><b>1. \u0110i\u1ec1u kho\u1ea3n s\u1eed d\u1ee5ng website l\u00e0 g\u00ec?<\/b><\/h2>\n<p style=\"text-align: justify;\"><span style=\"font-weight: 400;\">\u0110i\u1ec1u kho\u1ea3n s\u1eed d\u1ee5ng website l\u00e0 t\u1eadp h\u1ee3p c\u00e1c quy \u0111\u1ecbnh ph\u00e1p l\u00fd x\u00e1c \u0111\u1ecbnh m\u1ed1i quan h\u1ec7 gi\u1eefa Yokara v\u00e0 ng\u01b0\u1eddi d\u00f9ng trong qu\u00e1 tr\u00ecnh truy c\u1eadp, \u0111\u0103ng k\u00fd v\u00e0 s\u1eed d\u1ee5ng d\u1ecbch v\u1ee5. N\u1ed9i dung n\u00e0y \u0111\u00f3ng vai tr\u00f2 nh\u01b0 m\u1ed9t th\u1ecfa thu\u1eadn r\u00e0ng bu\u1ed9c, gi\u00fap thi\u1ebft l\u1eadp chu\u1ea9n m\u1ef1c h\u00e0nh vi, quy\u1ec1n l\u1ee3i v\u00e0 tr\u00e1ch nhi\u1ec7m c\u1ee7a c\u00e1c b\u00ean li\u00ean quan.<\/span><\/p>\n<p style=\"text-align: justify;\"><span style=\"font-weight: 400;\">T\u1ea1i Yokara, \u0111i\u1ec1u kho\u1ea3n s\u1eed d\u1ee5ng website \u0111\u01b0\u1ee3c x\u00e2y d\u1ef1ng nh\u1eb1m \u0111\u1ea3m b\u1ea3o m\u00f4i tr\u01b0\u1eddng s\u1eed d\u1ee5ng c\u00f4ng b\u1eb1ng, minh b\u1ea1ch v\u00e0 ph\u00f9 h\u1ee3p v\u1edbi quy \u0111\u1ecbnh ph\u00e1p lu\u1eadt hi\u1ec7n h\u00e0nh. Vi\u1ec7c ti\u1ebfp t\u1ee5c s\u1eed d\u1ee5ng website \u0111\u1ed3ng ngh\u0129a v\u1edbi vi\u1ec7c ng\u01b0\u1eddi d\u00f9ng \u0111\u00e3 hi\u1ec3u v\u00e0 ch\u1ea5p thu\u1eadn to\u00e0n b\u1ed9 n\u1ed9i dung \u0111i\u1ec1u kho\u1ea3n.<\/span><\/p>\n<h2 style=\"text-align: justify;\"><b>2. \u0110\u1ed1i t\u01b0\u1ee3ng \u0111\u01b0\u1ee3c \u00e1p d\u1ee5ng<\/b><\/h2>\n<p style=\"text-align: justify;\"><span style=\"font-weight: 400;\">\u0110i\u1ec1u kho\u1ea3n s\u1eed d\u1ee5ng website \u00e1p d\u1ee5ng v\u1edbi:<\/span><\/p>\n<ul style=\"text-align: justify;\">\n<li style=\"font-weight: 400;\" aria-level=\"1\"><span style=\"font-weight: 400;\">T\u1ea5t c\u1ea3 ng\u01b0\u1eddi d\u00f9ng truy c\u1eadp, s\u1eed d\u1ee5ng d\u1ecbch v\u1ee5 mi\u1ec5n ph\u00ed ho\u1eb7c tr\u1ea3 ph\u00ed tr\u00ean website.<\/span><\/li>\n<li style=\"font-weight: 400;\" aria-level=\"1\"><span style=\"font-weight: 400;\">Ng\u01b0\u1eddi d\u00f9ng \u0111\u0103ng k\u00fd t\u00e0i kho\u1ea3n th\u00f4ng qua \u0111\u1ecba ch\u1ec9 email, s\u1ed1 \u0111i\u1ec7n tho\u1ea1i ho\u1eb7c t\u00e0i kho\u1ea3n m\u1ea1ng x\u00e3 h\u1ed9i.<\/span><\/li>\n<li style=\"font-weight: 400;\" aria-level=\"1\"><span style=\"font-weight: 400;\">C\u00e1c \u0111\u01a1n v\u1ecb, c\u00e1 nh\u00e2n t\u01b0\u01a1ng t\u00e1c v\u1edbi n\u1ed9i dung, API, widget ho\u1eb7c t\u00ednh n\u0103ng k\u1ef9 thu\u1eadt c\u1ee7a h\u1ec7 th\u1ed1ng.<\/span><\/li>\n<\/ul>\n<p style=\"text-align: justify;\"><span style=\"font-weight: 400;\">C\u00e1c \u0111i\u1ec1u kho\u1ea3n n\u00e0y kh\u00f4ng ph\u00e2n bi\u1ec7t m\u1ee5c \u0111\u00edch s\u1eed d\u1ee5ng c\u00e1 nh\u00e2n hay doanh nghi\u1ec7p, mi\u1ec5n l\u00e0 h\u00e0nh vi \u0111\u00f3 t\u01b0\u01a1ng t\u00e1c v\u1edbi h\u1ec7 th\u1ed1ng Yokara.<\/span><\/p>\n<h2 style=\"text-align: justify;\"><b>3. Quy\u1ec1n truy c\u1eadp v\u00e0 s\u1eed d\u1ee5ng d\u1ecbch v\u1ee5<\/b><\/h2>\n<h3 style=\"text-align: justify;\"><b>3.1. Quy\u1ec1n truy c\u1eadp n\u1ed9i dung<\/b><\/h3>\n<p style=\"text-align: justify;\"><span style=\"font-weight: 400;\">Ng\u01b0\u1eddi d\u00f9ng \u0111\u01b0\u1ee3c ph\u00e9p truy c\u1eadp n\u1ed9i dung v\u00e0 t\u00e0i nguy\u00ean c\u00f3 s\u1eb5n ph\u00f9 h\u1ee3p v\u1edbi quy \u0111\u1ecbnh, mi\u1ec5n l\u00e0 h\u00e0nh vi n\u00e0y kh\u00f4ng x\u00e2m ph\u1ea1m b\u1ea3n quy\u1ec1n, an ninh m\u1ea1ng hay \u0111i\u1ec1u kho\u1ea3n ph\u00e1p l\u00fd kh\u00e1c. Quy\u1ec1n truy c\u1eadp kh\u00f4ng \u0111\u1ed3ng ngh\u0129a v\u1edbi quy\u1ec1n s\u1edf h\u1eefu n\u1ed9i dung \u0111\u00f3, m\u00e0 ch\u1ec9 l\u00e0 quy\u1ec1n s\u1eed d\u1ee5ng h\u1ee3p ph\u00e1p trong ph\u1ea1m vi d\u1ecbch v\u1ee5.<\/span><\/p>\n<p style=\"text-align: justify;\"><span style=\"font-weight: 400;\">Yokara c\u00f3 quy\u1ec1n \u0111i\u1ec1u ch\u1ec9nh, t\u1ea1m ng\u01b0ng ho\u1eb7c ch\u1ea5m d\u1ee9t quy\u1ec1n truy c\u1eadp n\u1ed9i dung n\u1ebfu ph\u00e1t hi\u1ec7n h\u00e0nh vi vi ph\u1ea1m \u0111i\u1ec1u kho\u1ea3n s\u1eed d\u1ee5ng website ho\u1eb7c g\u00e2y \u1ea3nh h\u01b0\u1edfng \u0111\u1ebfn h\u1ec7 th\u1ed1ng.<\/span><\/p>\n<h3 style=\"text-align: justify;\"><b>3.2. Quy\u1ec1n s\u1eed d\u1ee5ng t\u00e0i kho\u1ea3n<\/b><\/h3>\n<p style=\"text-align: justify;\"><span style=\"font-weight: 400;\">Khi \u0111\u0103ng k\u00fd t\u00e0i kho\u1ea3n, ng\u01b0\u1eddi d\u00f9ng \u0111\u01b0\u1ee3c c\u1ea5p quy\u1ec1n s\u1eed d\u1ee5ng c\u00e1c t\u00ednh n\u0103ng t\u01b0\u01a1ng \u1ee9ng v\u1edbi lo\u1ea1i t\u00e0i kho\u1ea3n \u0111\u00e3 \u0111\u0103ng k\u00fd. Quy\u1ec1n n\u00e0y mang t\u00ednh c\u00e1 nh\u00e2n, kh\u00f4ng \u0111\u01b0\u1ee3c chuy\u1ec3n nh\u01b0\u1ee3ng ho\u1eb7c cho ph\u00e9p b\u00ean th\u1ee9 ba s\u1eed d\u1ee5ng.<\/span><\/p>\n<p style=\"text-align: justify;\"><span style=\"font-weight: 400;\">M\u1ecdi ho\u1ea1t \u0111\u1ed9ng ph\u00e1t sinh t\u1eeb t\u00e0i kho\u1ea3n \u0111\u1ec1u \u0111\u01b0\u1ee3c xem l\u00e0 do ch\u00ednh ng\u01b0\u1eddi d\u00f9ng th\u1ef1c hi\u1ec7n. Yokara kh\u00f4ng ch\u1ecbu tr\u00e1ch nhi\u1ec7m \u0111\u1ed1i v\u1edbi thi\u1ec7t h\u1ea1i ph\u00e1t sinh t\u1eeb vi\u1ec7c chia s\u1ebb th\u00f4ng tin \u0111\u0103ng nh\u1eadp tr\u00e1i ph\u00e9p.<\/span><\/p>\n<h2 style=\"text-align: justify;\"><b>4. Quy\u1ec1n l\u1ee3i c\u1ee7a ng\u01b0\u1eddi d\u00f9ng<\/b><\/h2>\n<p style=\"text-align: justify;\"><span style=\"font-weight: 400;\">\u0110i\u1ec1u kho\u1ea3n s\u1eed d\u1ee5ng website c\u1ee7a Yokara \u0111\u1ea3m b\u1ea3o ng\u01b0\u1eddi d\u00f9ng \u0111\u01b0\u1ee3c:<\/span><\/p>\n<ul style=\"text-align: justify;\">\n<li style=\"font-weight: 400;\" aria-level=\"1\"><span style=\"font-weight: 400;\">Truy c\u1eadp c\u00e1c n\u1ed9i dung, d\u1ecbch v\u1ee5 c\u00f4ng khai tr\u00ean h\u1ec7 th\u1ed1ng m\u1ed9t c\u00e1ch minh b\u1ea1ch.<\/span><\/li>\n<li style=\"font-weight: 400;\" aria-level=\"1\"><span style=\"font-weight: 400;\">Nh\u1eadn h\u1ed7 tr\u1ee3 k\u1ef9 thu\u1eadt khi ph\u00e1t sinh v\u1ea5n \u0111\u1ec1 trong qu\u00e1 tr\u00ecnh s\u1eed d\u1ee5ng.<\/span><\/li>\n<li style=\"font-weight: 400;\" aria-level=\"1\"><span style=\"font-weight: 400;\">C\u1eadp nh\u1eadt th\u00f4ng tin v\u1ec1 c\u00e1c thay \u0111\u1ed5i d\u1ecbch v\u1ee5, quy\u1ec1n l\u1ee3i v\u00e0 quy \u0111\u1ecbnh.<\/span><\/li>\n<li style=\"font-weight: 400;\" aria-level=\"1\"><span style=\"font-weight: 400;\">\u0110\u01b0\u1ee3c cam k\u1ebft v\u1ec1 quy\u1ec1n ri\u00eang t\u01b0, b\u1ea3o m\u1eadt d\u1eef li\u1ec7u theo ch\u00ednh s\u00e1ch b\u1ea3o m\u1eadt ri\u00eang bi\u1ec7t.<\/span><\/li>\n<\/ul>\n<p style=\"text-align: justify;\"><span style=\"font-weight: 400;\">Ng\u01b0\u1eddi d\u00f9ng c\u00f3 quy\u1ec1n y\u00eau c\u1ea7u h\u1ed7 tr\u1ee3, khi\u1ebfu n\u1ea1i ho\u1eb7c ph\u1ea3n \u00e1nh b\u1ea5t k\u1ef3 v\u1ea5n \u0111\u1ec1 li\u00ean quan \u0111\u1ebfn \u0111i\u1ec1u kho\u1ea3n v\u00e0 d\u1ecbch v\u1ee5. Yokara cam k\u1ebft ti\u1ebfp nh\u1eadn v\u00e0 x\u1eed l\u00fd k\u1ecbp th\u1eddi theo quy tr\u00ecnh n\u1ed9i b\u1ed9.<\/span><\/p>\n<h2 style=\"text-align: justify;\"><b>5. Nh\u1eefng n\u1ed9i dung b\u1ecb nghi\u00eam c\u1ea5m trong website<\/b><\/h2>\n<p style=\"text-align: justify;\"><span style=\"font-weight: 400;\">\u0110\u1ec3 b\u1ea3o v\u1ec7 c\u1ed9ng \u0111\u1ed3ng v\u00e0 h\u1ec7 th\u1ed1ng, Yokara nghi\u00eam c\u1ea5m c\u00e1c h\u00e0nh vi g\u00e2y \u1ea3nh h\u01b0\u1edfng ti\u00eau c\u1ef1c \u0111\u1ebfn website v\u00e0 ng\u01b0\u1eddi d\u00f9ng kh\u00e1c.<\/span><\/p>\n<p style=\"text-align: justify;\"><span style=\"font-weight: 400;\">Nh\u1eefng h\u00e0nh vi b\u1ecb c\u1ea5m bao g\u1ed3m:<\/span><\/p>\n<ul style=\"text-align: justify;\">\n<li style=\"font-weight: 400;\" aria-level=\"1\"><span style=\"font-weight: 400;\">S\u1eed d\u1ee5ng website cho m\u1ee5c \u0111\u00edch b\u1ea5t h\u1ee3p ph\u00e1p ho\u1eb7c vi ph\u1ea1m ph\u00e1p lu\u1eadt.<\/span><\/li>\n<li style=\"font-weight: 400;\" aria-level=\"1\"><span style=\"font-weight: 400;\">Can thi\u1ec7p v\u00e0o h\u1ec7 th\u1ed1ng, khai th\u00e1c l\u1ed7 h\u1ed5ng b\u1ea3o m\u1eadt, thu th\u1eadp d\u1eef li\u1ec7u tr\u00e1i ph\u00e9p.<\/span><\/li>\n<li style=\"font-weight: 400;\" aria-level=\"1\"><span style=\"font-weight: 400;\">Ph\u00e1t t\u00e1n m\u00e3 \u0111\u1ed9c, n\u1ed9i dung l\u1eeba \u0111\u1ea3o, spam qu\u1ea3ng c\u00e1o kh\u00f4ng \u0111\u01b0\u1ee3c ph\u00e9p.<\/span><\/li>\n<li style=\"font-weight: 400;\" aria-level=\"1\"><span style=\"font-weight: 400;\">S\u1eed d\u1ee5ng robot, c\u00f4ng c\u1ee5 t\u1ef1 \u0111\u1ed9ng t\u01b0\u01a1ng t\u00e1c g\u00e2y qu\u00e1 t\u1ea3i ho\u1eb7c l\u00e0m \u1ea3nh h\u01b0\u1edfng d\u1ecbch v\u1ee5.<\/span><\/li>\n<li style=\"font-weight: 400;\" aria-level=\"1\"><span style=\"font-weight: 400;\">M\u1ea1o danh quy\u1ec1n s\u1edf h\u1eefu, x\u00e2m ph\u1ea1m b\u1ea3n quy\u1ec1n n\u1ed9i dung, th\u01b0\u01a1ng hi\u1ec7u.<\/span><\/li>\n<\/ul>\n<p style=\"text-align: justify;\"><span style=\"font-weight: 400;\">M\u1ecdi h\u00e0nh vi vi ph\u1ea1m s\u1ebd d\u1eabn \u0111\u1ebfn bi\u1ec7n ph\u00e1p x\u1eed l\u00fd ph\u00f9 h\u1ee3p, bao g\u1ed3m kh\u00f3a t\u00e0i kho\u1ea3n, ch\u1ea5m d\u1ee9t truy c\u1eadp v\u00e0 th\u00f4ng b\u00e1o v\u1edbi c\u01a1 quan ph\u00e1p lu\u1eadt khi c\u1ea7n thi\u1ebft.<\/span><\/p>\n<h2 style=\"text-align: justify;\"><b>6. Quy\u1ec1n s\u1edf h\u1eefu tr\u00ed tu\u1ec7<\/b><\/h2>\n<p style=\"text-align: justify;\"><span style=\"font-weight: 400;\">To\u00e0n b\u1ed9 n\u1ed9i dung tr\u00ean website, bao g\u1ed3m v\u0103n b\u1ea3n, h\u00ecnh \u1ea3nh, logo, m\u00e3 ngu\u1ed3n v\u00e0 thi\u1ebft k\u1ebf, thu\u1ed9c quy\u1ec1n s\u1edf h\u1eefu tr\u00ed tu\u1ec7 c\u1ee7a Yokara ho\u1eb7c c\u00e1c \u0111\u1ed1i t\u00e1c c\u1ea5p ph\u00e9p. Vi\u1ec7c sao ch\u00e9p, t\u00e1i s\u1eed d\u1ee5ng ho\u1eb7c ph\u00e2n ph\u1ed1i n\u1ed9i dung m\u00e0 kh\u00f4ng c\u00f3 s\u1ef1 \u0111\u1ed3ng \u00fd b\u1eb1ng v\u0103n b\u1ea3n \u0111\u1ec1u b\u1ecb nghi\u00eam c\u1ea5m.<\/span><\/p>\n<p style=\"text-align: justify;\"><span style=\"font-weight: 400;\">Ng\u01b0\u1eddi d\u00f9ng ch\u1ec9 \u0111\u01b0\u1ee3c s\u1eed d\u1ee5ng n\u1ed9i dung trong ph\u1ea1m vi cho ph\u00e9p v\u00e0 kh\u00f4ng \u0111\u01b0\u1ee3c khai th\u00e1c cho m\u1ee5c \u0111\u00edch th\u01b0\u01a1ng m\u1ea1i tr\u00e1i ph\u00e9p. Quy \u0111\u1ecbnh n\u00e0y nh\u1eb1m b\u1ea3o v\u1ec7 gi\u00e1 tr\u1ecb s\u00e1ng t\u1ea1o v\u00e0 t\u00ednh to\u00e0n v\u1eb9n c\u1ee7a h\u1ec7 th\u1ed1ng.<\/span><\/p>\n<h2 style=\"text-align: justify;\"><b>7. Quy \u0111\u1ecbnh v\u1ec1 t\u00e0i kho\u1ea3n v\u00e0 m\u1eadt kh\u1ea9u<\/b><\/h2>\n<p style=\"text-align: justify;\"><span style=\"font-weight: 400;\">Ng\u01b0\u1eddi d\u00f9ng c\u00f3 tr\u00e1ch nhi\u1ec7m b\u1ea3o m\u1eadt th\u00f4ng tin t\u00e0i kho\u1ea3n, bao g\u1ed3m t\u00ean \u0111\u0103ng nh\u1eadp v\u00e0 m\u1eadt kh\u1ea9u. Vi\u1ec7c s\u1eed d\u1ee5ng m\u1eadt kh\u1ea9u m\u1ea1nh v\u00e0 kh\u00f4ng chia s\u1ebb th\u00f4ng tin \u0111\u0103ng nh\u1eadp l\u00e0 y\u00eau c\u1ea7u b\u1eaft bu\u1ed9c.<\/span><\/p>\n<p style=\"text-align: justify;\"><span style=\"font-weight: 400;\">Trong tr\u01b0\u1eddng h\u1ee3p ph\u00e1t hi\u1ec7n d\u1ea5u hi\u1ec7u truy c\u1eadp tr\u00e1i ph\u00e9p, ng\u01b0\u1eddi d\u00f9ng c\u1ea7n th\u00f4ng b\u00e1o k\u1ecbp th\u1eddi \u0111\u1ec3 Yokara h\u1ed7 tr\u1ee3 x\u1eed l\u00fd. <\/span><b>Yokara kh\u00f4ng ch\u1ecbu tr\u00e1ch nhi\u1ec7m \u0111\u1ed1i v\u1edbi r\u1ee7i ro ph\u00e1t sinh t\u1eeb vi\u1ec7c ng\u01b0\u1eddi d\u00f9ng kh\u00f4ng tu\u00e2n th\u1ee7 quy \u0111\u1ecbnh b\u1ea3o m\u1eadt t\u00e0i kho\u1ea3n.<\/b><\/p>\n<h2 style=\"text-align: justify;\"><b>8. Thanh to\u00e1n v\u00e0 n\u00e2ng c\u1ea5p d\u1ecbch v\u1ee5 cao c\u1ea5p<\/b><\/h2>\n<p style=\"text-align: justify;\"><span style=\"font-weight: 400;\">M\u1ed9t s\u1ed1 d\u1ecbch v\u1ee5 tr\u00ean Yokara c\u00f3 th\u1ec3 y\u00eau c\u1ea7u thanh to\u00e1n ho\u1eb7c n\u00e2ng c\u1ea5p g\u00f3i s\u1eed d\u1ee5ng. Quy tr\u00ecnh thanh to\u00e1n \u0111\u1ea3m b\u1ea3o:<\/span><\/p>\n<ul style=\"text-align: justify;\">\n<li style=\"font-weight: 400;\" aria-level=\"1\"><span style=\"font-weight: 400;\">C\u00f4ng khai m\u1ee9c gi\u00e1, quy\u1ec1n l\u1ee3i k\u00e8m theo v\u00e0 th\u1eddi gian hi\u1ec7u l\u1ef1c.<\/span><\/li>\n<li style=\"font-weight: 400;\" aria-level=\"1\"><span style=\"font-weight: 400;\">B\u1ea3o m\u1eadt th\u00f4ng tin thanh to\u00e1n theo chu\u1ea9n b\u1ea3o m\u1eadt b\u1ea3o v\u1ec7 d\u1eef li\u1ec7u.<\/span><\/li>\n<li style=\"font-weight: 400;\" aria-level=\"1\"><span style=\"font-weight: 400;\">H\u1ed7 tr\u1ee3 ng\u01b0\u1eddi d\u00f9ng khi c\u1ea7n thay \u0111\u1ed5i g\u00f3i d\u1ecbch v\u1ee5 ho\u1eb7c h\u1ee7y d\u1ecbch v\u1ee5 theo \u0111i\u1ec1u ki\u1ec7n \u0111\u00e3 c\u00f4ng b\u1ed1.<\/span><\/li>\n<\/ul>\n<p style=\"text-align: justify;\"><span style=\"font-weight: 400;\">Vi\u1ec7c n\u00e2ng c\u1ea5p s\u1ebd t\u1ef1 \u0111\u1ed9ng \u00e1p d\u1ee5ng quy\u1ec1n l\u1ee3i m\u1edbi ngay khi ho\u00e0n t\u1ea5t giao d\u1ecbch th\u00e0nh c\u00f4ng.<\/span><\/p>\n<h2 style=\"text-align: justify;\"><b>9. Gi\u1edbi h\u1ea1n tr\u00e1ch nhi\u1ec7m<\/b><\/h2>\n<p style=\"text-align: justify;\"><span style=\"font-weight: 400;\">Yokara cam k\u1ebft v\u1eadn h\u00e0nh d\u1ecbch v\u1ee5 \u1ed5n \u0111\u1ecbnh. Tuy nhi\u00ean, trong m\u1ed9t s\u1ed1 t\u00ecnh hu\u1ed1ng:<\/span><\/p>\n<ul style=\"text-align: justify;\">\n<li style=\"font-weight: 400;\" aria-level=\"1\"><span style=\"font-weight: 400;\">Kh\u00f4ng ch\u1ecbu tr\u00e1ch nhi\u1ec7m v\u1ec1 thi\u1ec7t h\u1ea1i gi\u00e1n ti\u1ebfp do ng\u1eaft k\u1ebft n\u1ed1i, l\u1ed7i k\u1ef9 thu\u1eadt ho\u1eb7c y\u1ebfu t\u1ed1 kh\u00e1ch quan.<\/span><\/li>\n<li style=\"font-weight: 400;\" aria-level=\"1\"><span style=\"font-weight: 400;\">Kh\u00f4ng ch\u1ecbu tr\u00e1ch nhi\u1ec7m \u0111\u1ed1i v\u1edbi n\u1ed9i dung do ng\u01b0\u1eddi d\u00f9ng \u0111\u0103ng t\u1ea3i, tr\u1eeb khi c\u00f3 sai ph\u1ea1m r\u00f5 r\u00e0ng theo ph\u00e1p lu\u1eadt.<\/span><\/li>\n<\/ul>\n<p style=\"text-align: justify;\"><span style=\"font-weight: 400;\">M\u1ecdi gi\u1edbi h\u1ea1n tr\u00e1ch nhi\u1ec7m \u0111\u01b0\u1ee3c x\u00e2y d\u1ef1ng nh\u1eb1m c\u00e2n b\u1eb1ng quy\u1ec1n l\u1ee3i gi\u1eefa h\u1ec7 th\u1ed1ng v\u00e0 ng\u01b0\u1eddi s\u1eed d\u1ee5ng.<\/span><\/p>\n<h2 style=\"text-align: justify;\"><b>10. B\u1ea3o m\u1eadt v\u00e0 quy\u1ec1n ri\u00eang t\u01b0<\/b><\/h2>\n<p style=\"text-align: justify;\"><span style=\"font-weight: 400;\">Yokara cam k\u1ebft b\u1ea3o v\u1ec7 d\u1eef li\u1ec7u c\u00e1 nh\u00e2n theo ch\u00ednh s\u00e1ch b\u1ea3o m\u1eadt \u0111\u00e3 c\u00f4ng b\u1ed1. Vi\u1ec7c thu th\u1eadp v\u00e0 x\u1eed l\u00fd d\u1eef li\u1ec7u ch\u1ec9 \u0111\u01b0\u1ee3c th\u1ef1c hi\u1ec7n trong ph\u1ea1m vi c\u1ea7n thi\u1ebft \u0111\u1ec3 cung c\u1ea5p d\u1ecbch v\u1ee5.<\/span><\/p>\n<h2 style=\"text-align: justify;\"><b>11. C\u1eadp nh\u1eadt \u0111i\u1ec1u kho\u1ea3n<\/b><\/h2>\n<p style=\"text-align: justify;\"><span style=\"font-weight: 400;\">\u0110i\u1ec1u kho\u1ea3n s\u1eed d\u1ee5ng website c\u00f3 th\u1ec3 \u0111\u01b0\u1ee3c c\u1eadp nh\u1eadt nh\u1eb1m ph\u1ea3n \u00e1nh thay \u0111\u1ed5i v\u1ec1 ph\u00e1p l\u00fd ho\u1eb7c d\u1ecbch v\u1ee5. Phi\u00ean b\u1ea3n m\u1edbi s\u1ebd \u0111\u01b0\u1ee3c c\u00f4ng b\u1ed1 c\u00f4ng khai \u0111\u1ec3 ng\u01b0\u1eddi d\u00f9ng theo d\u00f5i.<\/span><\/p>\n<p style=\"text-align: justify;\"><span style=\"font-weight: 400;\">Vi\u1ec7c ti\u1ebfp t\u1ee5c s\u1eed d\u1ee5ng website sau khi \u0111i\u1ec1u kho\u1ea3n \u0111\u01b0\u1ee3c c\u1eadp nh\u1eadt \u0111\u1ed3ng ngh\u0129a v\u1edbi vi\u1ec7c ng\u01b0\u1eddi d\u00f9ng ch\u1ea5p thu\u1eadn n\u1ed9i dung \u0111i\u1ec1u ch\u1ec9nh.<\/span><\/p>\n<h2 style=\"text-align: justify;\"><b>Li\u00ean h\u1ec7 v\u1edbi ch\u00fang t\u00f4i<\/b><\/h2>\n<p style=\"text-align: justify;\"><span style=\"font-weight: 400;\">N\u1ebfu c\u00f3 th\u1eafc m\u1eafc li\u00ean quan \u0111\u1ebfn \u0111i\u1ec1u kho\u1ea3n s\u1eed d\u1ee5ng website, ng\u01b0\u1eddi d\u00f9ng c\u00f3 th\u1ec3 li\u00ean h\u1ec7 Yokara th\u00f4ng qua c\u00e1c k\u00eanh h\u1ed7 tr\u1ee3 ch\u00ednh th\u1ee9c. M\u1ecdi ph\u1ea3n h\u1ed3i \u0111\u1ec1u \u0111\u01b0\u1ee3c ti\u1ebfp nh\u1eadn v\u00e0 x\u1eed l\u00fd minh b\u1ea1ch nh\u1eb1m \u0111\u1ea3m b\u1ea3o quy\u1ec1n l\u1ee3i h\u1ee3p ph\u00e1p c\u1ee7a ng\u01b0\u1eddi d\u00f9ng.<\/span><\/p>\n<p style=\"text-align: justify;\"><b>\ud83d\udccd \u0110i\u0323a chi\u0309: 77 V\u00f5 Nguy\u00ean Gi\u00e1p, B\u1ea3o Ninh, \u0110\u1ed3ng H\u1edbi, Qu\u1ea3ng B\u00ecnh<\/b><b><br \/>\n<\/b><span style=\"font-weight: 400;\">\ud83d\udcde Hotline: <\/span><b>0888268286<\/b><span style=\"font-weight: 400;\"><br \/>\n<\/span><span style=\"font-weight: 400;\">\u2728 Facebook:<\/span><a href=\"https:\/\/www.facebook.com\/yokaravn\" target=\"_blank\" rel=\"noopener\"> <span style=\"font-weight: 400;\">https:\/\/www.facebook.com\/yokaravn<\/span><span style=\"font-weight: 400;\"><br \/>\n<\/span><\/a><span style=\"font-weight: 400;\">\u2709\ufe0f Email h\u1ed7 tr\u1ee3: support@yokara.com<\/span><span style=\"font-weight: 400;\"><br \/>\n<\/span><span style=\"font-weight: 400;\">\ud83c\udf10 Website:<\/span><a href=\"https:\/\/www.yokara.com\"> <span style=\"font-weight: 400;\">https:\/\/www.yokara.com<\/span><\/a><\/p>\n<p style=\"text-align: justify;\"><b>C\u00e2u h\u1ecfi th\u01b0\u1eddng g\u1eb7p \u2013 FAQ<\/b><\/p>\n<p style=\"text-align: justify;\"><b>1. \u0110i\u1ec1u kho\u1ea3n s\u1eed d\u1ee5ng c\u00f3 b\u1eaft bu\u1ed9c kh\u00f4ng?<\/b><\/p>\n<p style=\"text-align: justify;\">\u0110i\u1ec1u kho\u1ea3n s\u1eed d\u1ee5ng website l\u00e0 b\u1eaft bu\u1ed9c<span style=\"font-weight: 400;\"> nh\u1eb1m x\u00e1c l\u1eadp quy\u1ec1n v\u00e0 ngh\u0129a v\u1ee5 trong qu\u00e1 tr\u00ecnh s\u1eed d\u1ee5ng d\u1ecbch v\u1ee5.<\/span><\/p>\n<p style=\"text-align: justify;\"><b>2. L\u00e0m th\u1ebf n\u00e0o \u0111\u1ec3 ch\u1ea5p nh\u1eadn \u0111i\u1ec1u kho\u1ea3n?<\/b><\/p>\n<p style=\"text-align: justify;\">Vi\u1ec7c truy c\u1eadp ho\u1eb7c \u0111\u0103ng k\u00fd t\u00e0i kho\u1ea3n \u0111\u01b0\u1ee3c xem l\u00e0 h\u00e0nh \u0111\u1ed9ng ch\u1ea5p nh\u1eadn \u0111i\u1ec1u kho\u1ea3n<span style=\"font-weight: 400;\"> theo quy \u0111\u1ecbnh hi\u1ec7n h\u00e0nh.<\/span><\/p>\n<p style=\"text-align: justify;\"><b>3. L\u00e0m g\u00ec khi vi ph\u1ea1m \u0111i\u1ec1u kho\u1ea3n?<\/b><\/p>\n<p style=\"text-align: justify;\">Ng\u01b0\u1eddi d\u00f9ng vi ph\u1ea1m \u0111i\u1ec1u kho\u1ea3n c\u00f3 th\u1ec3 b\u1ecb h\u1ea1n ch\u1ebf ho\u1eb7c ch\u1ea5m d\u1ee9t quy\u1ec1n s\u1eed d\u1ee5ng d\u1ecbch v\u1ee5<span style=\"font-weight: 400;\"> t\u00f9y theo m\u1ee9c \u0111\u1ed9 vi ph\u1ea1m.<\/span><\/p>\n","protected":false},"excerpt":{"rendered":"<p>H\u01a1n 85% tranh ch\u1ea5p d\u1ecbch v\u1ee5 tr\u1ef1c tuy\u1ebfn xu\u1ea5t ph\u00e1t t\u1eeb vi\u1ec7c ng\u01b0\u1eddi d\u00f9ng kh\u00f4ng \u0111\u1ecdc k\u1ef9 \u0111i\u1ec1u kho\u1ea3n s\u1eed d\u1ee5ng website. \u0110i\u1ec1u kho\u1ea3n s\u1eed d\u1ee5ng website c\u1ee7a Yokara \u0111\u01b0\u1ee3c x\u00e2y d\u1ef1ng nh\u1eb1m l\u00e0m r\u00f5 quy\u1ec1n, ngh\u0129a v\u1ee5 v\u00e0 gi\u1edbi h\u1ea1n tr\u00e1ch nhi\u1ec7m, gi\u00fap ng\u01b0\u1eddi d\u00f9ng s\u1eed d\u1ee5ng d\u1ecbch v\u1ee5 minh b\u1ea1ch, an to\u00e0n v\u00e0 [&hellip;]<\/p>\n","protected":false},"author":1,"featured_media":0,"parent":0,"menu_order":0,"comment_status":"closed","ping_status":"closed","template":"","meta":{"footnotes":""},"class_list":["post-4161","page","type-page","status-publish","hentry"],"_links":{"self":[{"href":"https:\/\/www.yokara.com\/news\/wp-json\/wp\/v2\/pages\/4161","targetHints":{"allow":["GET"]}}],"collection":[{"href":"https:\/\/www.yokara.com\/news\/wp-json\/wp\/v2\/pages"}],"about":[{"href":"https:\/\/www.yokara.com\/news\/wp-json\/wp\/v2\/types\/page"}],"author":[{"embeddable":true,"href":"https:\/\/www.yokara.com\/news\/wp-json\/wp\/v2\/users\/1"}],"replies":[{"embeddable":true,"href":"https:\/\/www.yokara.com\/news\/wp-json\/wp\/v2\/comments?post=4161"}],"version-history":[{"count":1,"href":"https:\/\/www.yokara.com\/news\/wp-json\/wp\/v2\/pages\/4161\/revisions"}],"predecessor-version":[{"id":4163,"href":"https:\/\/www.yokara.com\/news\/wp-json\/wp\/v2\/pages\/4161\/revisions\/4163"}],"wp:attachment":[{"href":"https:\/\/www.yokara.com\/news\/wp-json\/wp\/v2\/media?parent=4161"}],"curies":[{"name":"wp","href":"https:\/\/api.w.org\/{rel}","templated":true}]}}